{"id":9746,"date":"2021-11-08T08:24:29","date_gmt":"2021-11-08T08:24:29","guid":{"rendered":"https:\/\/ograsmarknad.com\/?post_type=product&#038;p=9746"},"modified":"2026-03-14T06:51:06","modified_gmt":"2026-03-14T06:51:06","slug":"hawaiian-snow","status":"publish","type":"product","link":"https:\/\/ograsmarknad.com\/tr\/product\/hawaiian-snow\/","title":{"rendered":"Hawaiian Snow"},"content":{"rendered":"<h2 style=\"text-align: justify;\">Hawaii Kar\u0131n\u0131 Online \u0130sve\u00e7, Finlandiya, \u00c5land, Danimarka, Estonya, Norve\u00e7'ten uygun fiyatlarla sat\u0131n alabilece\u011finiz en iyi yer \u2013 Ogras Marknad!<\/h2>\n<p style=\"text-align: justify;\"><strong>Sat\u0131l\u0131k Hawaiian Snow, bir\u00e7ok \u015fampiyonluk kazanm\u0131\u015f ve 'e kadar THC seviyesine sahip oldu\u011fu bildirilen saf bir Sativa t\u00fcr\u00fcd\u00fcr. G\u00fc\u00e7l\u00fc, bulan\u0131k ve kafa kar\u0131\u015ft\u0131r\u0131c\u0131 beyin etkileri nedeniyle bu t\u00fcr, Haze olarak s\u0131n\u0131fland\u0131r\u0131l\u0131r.<\/strong><\/p>\n<p style=\"text-align: justify;\"><a href=\"https:\/\/ograsmarknad.com\/tr\/product\/hawaiian-snow\/\">Hawaiian Snows<\/a> 'un y\u00fcksek ruh haline genellikle enerji ve \u00f6zg\u00fcnl\u00fck e\u015flik eder. Bu mutluluk dalgalar\u0131 kafada ba\u015flar ve t\u00fcm v\u00fccuda yay\u0131larak onu sakinle\u015ftirir ve rahatlat\u0131r. Baz\u0131 kullan\u0131c\u0131lar g\u00fc\u00e7l\u00fc \u0131s\u0131r\u0131klar hissederken, baz\u0131lar\u0131 i\u00e7in beyinsel etkileri g\u00fc\u00e7l\u00fc ve heyecan vericidir. Bu t\u00fcr\u00fcn kokusu \u00e7am ve \u00e7i\u00e7eksi notalar i\u00e7erir. Pamuklu \u00e7ubuklar, kuru g\u00f6zler, y\u00f6nelim bozuklu\u011fu, psikozlar veya korku olas\u0131 yan etkilerdir - Hawaiian Snow'u Avrupa, \u0130sve\u00e7, Finlandiya, \u00c5land, Danimarka, Estonya ve Norve\u00e7'te online sipari\u015f edin!<\/p>\n<h3 style=\"text-align: justify;\">\u00d6zellikler<\/h3>\n<p style=\"text-align: justify;\">Hawaii Kar\u0131 g\u00fcn boyunca harika bir etkiye sahiptir ve genellikle stresli, endi\u015feli veya depresif ki\u015filer i\u00e7in \u00f6nerilir. \u00d6te yandan, fiziksel etkileri eklem a\u011fr\u0131s\u0131 gibi kronik a\u011fr\u0131lara iyi gelebilir. Ayr\u0131ca, maruz kalma yoluyla iltihaplanma da azalt\u0131labilir. Hastalar bazen mide bulant\u0131s\u0131 ve yeme bozukluklar\u0131n\u0131 tedavi etmek i\u00e7in kullan\u0131rlar. Migren, glokom, ba\u015f a\u011fr\u0131s\u0131 ve uykusuzluk gibi rahats\u0131zl\u0131klar\u0131n hepsi daha az \u00f6l\u00e7\u00fcde tedavi edilir.<\/p>\n<p style=\"text-align: justify;\">Haze, \u00f6zellikle de saf Haze, Hawaii Haze ve Neville Haze, Hawaii Kar\u0131'n\u0131n kayna\u011f\u0131d\u0131r. Green House Seeds, hem i\u00e7 hem de d\u0131\u015f mekanlarda yeti\u015ftirilebilen bu t\u00fcr\u00fc geli\u015ftirmi\u015ftir. \u0130\u00e7 mekanlarda bu bitkiler metrekare ba\u015f\u0131na 700 grama kadar verim verebilir ve on bir hafta boyunca \u00e7i\u00e7ek a\u00e7abilir. G\u00fcney Yar\u0131mk\u00fcre'de genellikle Haziran ay\u0131 civar\u0131nda olgunla\u015f\u0131rlar. Kuzey Yar\u0131mk\u00fcre'de ise Ekim ve Kas\u0131m aylar\u0131 aras\u0131nda yeti\u015ftirilirler ve bitki ba\u015f\u0131na 1200 grama kadar verim verebilirler.<\/p>\n<h3 style=\"text-align: justify;\">Sipari\u015f bilgilerinizi bug\u00fcn payla\u015f\u0131n!<\/h3>\n<p style=\"text-align: justify;\"><a href=\"https:\/\/ograsmarknad.com\/tr\/\">Ogras Marknad<\/a> Avrupa, \u0130sve\u00e7, Finlandiya, \u00c5land, Danimarka, Estonya ve Norve\u00e7'te Hawaii Kar'\u0131 online sat\u0131n almak istedi\u011finizde Ogras Marknad her zaman hizmetinizdedir. Sipari\u015finizi k\u0131sa s\u00fcrede paketleyip g\u00fcvenli bir \u015fekilde size g\u00f6nderece\u011fiz. Sat\u0131l\u0131k Ogras Marknad ihtiya\u00e7lar\u0131n\u0131z\u0131 do\u011frudan bizimle payla\u015fabilir ve bizimle ileti\u015fime ge\u00e7ebilirsiniz. Zaman\u0131nda teslim etmek i\u00e7in buraday\u0131z. Sipari\u015finizi hemen verin!<\/p>","protected":false},"excerpt":{"rendered":"<p>For Wholesale please contact us at<br \/>\nWickr ID: @williamspro<br \/>\nor via Whatsapp<br \/>\n<img loading=\"lazy\" decoding=\"async\" class=\"size-full wp-image-10162 alignleft\" src=\"https:\/\/ograsmarknad.com\/wp-content\/uploads\/2021\/11\/trust.jpg\" alt=\"Trust German\" width=\"300\" height=\"129\" srcset=\"https:\/\/ograsmarknad.com\/wp-content\/uploads\/2021\/11\/trust.jpg 300w, https:\/\/ograsmarknad.com\/wp-content\/uploads\/2021\/11\/trust-18x8.jpg 18w\" sizes=\"auto, (max-width: 300px) 100vw, 300px\" \/><\/p>","protected":false},"featured_media":9751,"comment_status":"open","ping_status":"closed","template":"","meta":{"_joinchat":[]},"product_cat":[71],"product_tag":[],"class_list":{"0":"post-9746","1":"product","2":"type-product","3":"status-publish","4":"has-post-thumbnail","6":"product_cat-gras-sw","8":"first","9":"instock","10":"shipping-taxable","11":"purchasable","12":"product-type-variable","13":"has-default-attributes"},"yoast_head":"<!-- This site is optimized with the Yoast SEO plugin v26.3 - https:\/\/yoast.com\/wordpress\/plugins\/seo\/ -->\n<title>Hawaiian Snow ogr\u00e4ssort till salu \u2013 K\u00f6p Hawaiian Snow online<\/title>\n<meta name=\"description\" content=\"K\u00f6p Hawaiian Snow ogr\u00e4ssort online fr\u00e5n Ograsmarknad. Hawaiian Snow till salu k\u00e4nd f\u00f6r sina upplyftande sativaeffekter och tropiska cannabisarom.\" \/>\n<meta name=\"robots\" content=\"index, follow, max-snippet:-1, max-image-preview:large, max-video-preview:-1\" \/>\n<link rel=\"canonical\" href=\"https:\/\/ograsmarknad.com\/tr\/product\/hawaiian-snow\/\" \/>\n<meta property=\"og:locale\" content=\"tr_TR\" \/>\n<meta property=\"og:type\" content=\"article\" \/>\n<meta property=\"og:title\" content=\"Hawaiian Snow ogr\u00e4ssort till salu \u2013 K\u00f6p Hawaiian Snow online\" \/>\n<meta property=\"og:description\" content=\"K\u00f6p Hawaiian Snow ogr\u00e4ssort online fr\u00e5n Ograsmarknad. Hawaiian Snow till salu k\u00e4nd f\u00f6r sina upplyftande sativaeffekter och tropiska cannabisarom.\" \/>\n<meta property=\"og:url\" content=\"https:\/\/ograsmarknad.com\/tr\/product\/hawaiian-snow\/\" \/>\n<meta property=\"og:site_name\" content=\"Ogras Marknad\" \/>\n<meta property=\"article:modified_time\" content=\"2026-03-14T06:51:06+00:00\" \/>\n<meta property=\"og:image\" content=\"https:\/\/ograsmarknad.com\/wp-content\/uploads\/2021\/11\/hawaiian-snow.jpg\" \/>\n\t<meta property=\"og:image:width\" content=\"600\" \/>\n\t<meta property=\"og:image:height\" content=\"600\" \/>\n\t<meta property=\"og:image:type\" content=\"image\/jpeg\" \/>\n<meta name=\"twitter:card\" content=\"summary_large_image\" \/>\n<meta name=\"twitter:label1\" content=\"Tahmini okuma s\u00fcresi\" \/>\n\t<meta name=\"twitter:data1\" content=\"2 dakika\" \/>\n<!-- \/ Yoast SEO plugin. -->","yoast_head_json":{"title":"Hawaiian Snow esrar \u00e7e\u015fidi sat\u0131l\u0131k \u2013 Hawaiian Snow'u online sat\u0131n al\u0131n","description":"Hawaiian Snow esrar t\u00fcr\u00fcn\u00fc Weed Market'ten online olarak sat\u0131n al\u0131n. Hawaiian Snow, canland\u0131r\u0131c\u0131 sativa etkileri ve tropikal kenevir aromas\u0131yla bilinir.","robots":{"index":"index","follow":"follow","max-snippet":"max-snippet:-1","max-image-preview":"max-image-preview:large","max-video-preview":"max-video-preview:-1"},"canonical":"https:\/\/ograsmarknad.com\/tr\/product\/hawaiian-snow\/","og_locale":"tr_TR","og_type":"article","og_title":"Hawaiian Snow ogr\u00e4ssort till salu \u2013 K\u00f6p Hawaiian Snow online","og_description":"K\u00f6p Hawaiian Snow ogr\u00e4ssort online fr\u00e5n Ograsmarknad. Hawaiian Snow till salu k\u00e4nd f\u00f6r sina upplyftande sativaeffekter och tropiska cannabisarom.","og_url":"https:\/\/ograsmarknad.com\/tr\/product\/hawaiian-snow\/","og_site_name":"Ogras Marknad","article_modified_time":"2026-03-14T06:51:06+00:00","og_image":[{"width":600,"height":600,"url":"https:\/\/ograsmarknad.com\/wp-content\/uploads\/2021\/11\/hawaiian-snow.jpg","type":"image\/jpeg"}],"twitter_card":"summary_large_image","twitter_misc":{"Tahmini okuma s\u00fcresi":"2 dakika"},"schema":{"@context":"https:\/\/schema.org","@graph":[{"@type":"WebPage","@id":"https:\/\/ograsmarknad.com\/product\/hawaiian-snow\/","url":"https:\/\/ograsmarknad.com\/product\/hawaiian-snow\/","name":"Hawaiian Snow esrar \u00e7e\u015fidi sat\u0131l\u0131k \u2013 Hawaiian Snow'u online sat\u0131n al\u0131n","isPartOf":{"@id":"https:\/\/ograsmarknad.com\/#website"},"primaryImageOfPage":{"@id":"https:\/\/ograsmarknad.com\/product\/hawaiian-snow\/#primaryimage"},"image":{"@id":"https:\/\/ograsmarknad.com\/product\/hawaiian-snow\/#primaryimage"},"thumbnailUrl":"https:\/\/ograsmarknad.com\/wp-content\/uploads\/2021\/11\/hawaiian-snow.jpg","datePublished":"2021-11-08T08:24:29+00:00","dateModified":"2026-03-14T06:51:06+00:00","description":"Hawaiian Snow esrar t\u00fcr\u00fcn\u00fc Weed Market'ten online olarak sat\u0131n al\u0131n. Hawaiian Snow, canland\u0131r\u0131c\u0131 sativa etkileri ve tropikal kenevir aromas\u0131yla bilinir.","breadcrumb":{"@id":"https:\/\/ograsmarknad.com\/product\/hawaiian-snow\/#breadcrumb"},"inLanguage":"tr","potentialAction":[{"@type":"ReadAction","target":["https:\/\/ograsmarknad.com\/product\/hawaiian-snow\/"]}]},{"@type":"ImageObject","inLanguage":"tr","@id":"https:\/\/ograsmarknad.com\/product\/hawaiian-snow\/#primaryimage","url":"https:\/\/ograsmarknad.com\/wp-content\/uploads\/2021\/11\/hawaiian-snow.jpg","contentUrl":"https:\/\/ograsmarknad.com\/wp-content\/uploads\/2021\/11\/hawaiian-snow.jpg","width":600,"height":600,"caption":"hawaiian-snow"},{"@type":"BreadcrumbList","@id":"https:\/\/ograsmarknad.com\/product\/hawaiian-snow\/#breadcrumb","itemListElement":[{"@type":"ListItem","position":1,"name":"Home","item":"https:\/\/ograsmarknad.com\/"},{"@type":"ListItem","position":2,"name":"Shop","item":"https:\/\/ograsmarknad.com\/shop\/"},{"@type":"ListItem","position":3,"name":"Hawaiian Snow"}]},{"@type":"WebSite","@id":"https:\/\/ograsmarknad.com\/#website","url":"https:\/\/ograsmarknad.com\/","name":"Ogras Marknad","description":"Ogras Marknad","potentialAction":[{"@type":"SearchAction","target":{"@type":"EntryPoint","urlTemplate":"https:\/\/ograsmarknad.com\/?s={search_term_string}"},"query-input":{"@type":"PropertyValueSpecification","valueRequired":true,"valueName":"search_term_string"}}],"inLanguage":"tr"}]}},"_links":{"self":[{"href":"https:\/\/ograsmarknad.com\/tr\/wp-json\/wp\/v2\/product\/9746","targetHints":{"allow":["GET"]}}],"collection":[{"href":"https:\/\/ograsmarknad.com\/tr\/wp-json\/wp\/v2\/product"}],"about":[{"href":"https:\/\/ograsmarknad.com\/tr\/wp-json\/wp\/v2\/types\/product"}],"replies":[{"embeddable":true,"href":"https:\/\/ograsmarknad.com\/tr\/wp-json\/wp\/v2\/comments?post=9746"}],"wp:featuredmedia":[{"embeddable":true,"href":"https:\/\/ograsmarknad.com\/tr\/wp-json\/wp\/v2\/media\/9751"}],"wp:attachment":[{"href":"https:\/\/ograsmarknad.com\/tr\/wp-json\/wp\/v2\/media?parent=9746"}],"wp:term":[{"taxonomy":"product_cat","embeddable":true,"href":"https:\/\/ograsmarknad.com\/tr\/wp-json\/wp\/v2\/product_cat?post=9746"},{"taxonomy":"product_tag","embeddable":true,"href":"https:\/\/ograsmarknad.com\/tr\/wp-json\/wp\/v2\/product_tag?post=9746"}],"curies":[{"name":"wp","href":"https:\/\/api.w.org\/{rel}","templated":true}]}}