{"id":9752,"date":"2021-11-08T08:26:11","date_gmt":"2021-11-08T08:26:11","guid":{"rendered":"https:\/\/ograsmarknad.com\/?post_type=product&#038;p=9752"},"modified":"2026-03-14T06:50:54","modified_gmt":"2026-03-14T06:50:54","slug":"lemon-haze","status":"publish","type":"product","link":"https:\/\/ograsmarknad.com\/tr\/product\/lemon-haze\/","title":{"rendered":"Lemon Haze"},"content":{"rendered":"<h2 style=\"text-align: justify;\">Lemon Haze'i Ogras Marknad'da en iyi fiyatlarla \u0130sve\u00e7, Finlandiya, \u00c5land, Danimarka, Estonya, Norve\u00e7'ten sat\u0131n al\u0131n!<\/h2>\n<p style=\"text-align: justify;\"><a href=\"https:\/\/ograsmarknad.com\/tr\/product\/lemon-haze\/\">Lemon Haze sat\u0131l\u0131k.<\/a> Bat\u0131 Yakas\u0131 kenevir k\u00fclt\u00fcr\u00fcnde k\u00f6kl\u00fc k\u00f6kleri olan bir Kaliforniya t\u00fcr\u00fcd\u00fcr. Silver Haze ve Lemon Skunk, bu sevimli Sativa bask\u0131n melezi yaratmak i\u00e7in \u00e7aprazlanm\u0131\u015ft\u0131r. Kendine \u00f6zg\u00fc ek\u015fi, narenciye ve \u00e7am benzeri aromas\u0131 ve tad\u0131, t\u00fcr\u00fcn ne\u015feli ve canland\u0131r\u0131c\u0131 do\u011fas\u0131yla birle\u015ferek onu d\u00fcnya \u00e7ap\u0131nda bir favori haline getirmi\u015ftir. Lemon Haze'i bug\u00fcn online ma\u011fazam\u0131zdan Avrupa, \u0130sve\u00e7, Finlandiya, \u00c5land, Danimarka, Estonya ve Norve\u00e7'te online sat\u0131n al\u0131n!<\/p>\n<h3 style=\"text-align: justify;\">Genetik<\/h3>\n<p style=\"text-align: justify;\">Bu kenevir t\u00fcr\u00fcn\u00fc yaratmak i\u00e7in Lemon Skunk ve Super Silver Haze \u00e7aprazland\u0131.<\/p>\n<h3 style=\"text-align: justify;\">Limon Pusunun Etkileri<\/h3>\n<p style=\"text-align: justify;\">Laboratuvar testleri, bu t\u00fcr\u00fcn bu m\u00fckemmel melez i\u00e7in ne kadar etkili oldu\u011funu g\u00f6steriyor. Bu t\u00fcr\u00fcn ortalama THC i\u00e7eri\u011fi -18'dir; bu, Sativa a\u011f\u0131rl\u0131kl\u0131 bir melez i\u00e7in olduk\u00e7a y\u00fcksektir. Lemon Haze'in g\u00fc\u00e7l\u00fc THC ve d\u00fc\u015f\u00fck CBD (%1 CBD) oranlar\u0131, mutluluk ve g\u00fcl\u00fcmsemelerle dolu heyecan verici, psikedelik bir etki yarat\u0131r.<\/p>\n<p style=\"text-align: justify;\">Bu t\u00fcr\u00fcn beyinsel ve canland\u0131r\u0131c\u0131 \u00f6zellikleri, onu anksiyete, depresyon ve g\u00fcnl\u00fck ya\u015fam\u0131n getirdi\u011fi genel stresle ba\u015fa \u00e7\u0131kmak i\u00e7in m\u00fckemmel k\u0131lar. Bu, konsantrasyonu art\u0131rd\u0131\u011f\u0131 ve sosyal etkile\u015fimi te\u015fvik etti\u011fi i\u00e7in onu t\u00fcm g\u00fcn kullan\u0131labilecek m\u00fckemmel bir t\u00fcr haline getirir. A\u011fr\u0131 kesici ve yat\u0131\u015ft\u0131r\u0131c\u0131 etkileri, Sativa bask\u0131n t\u00fcrler i\u00e7in tipik olan m\u00fctevaz\u0131 d\u00fczeydedir.<\/p>\n<h3 style=\"text-align: justify;\">G\u00f6r\u00fcn\u00fcm ve aroma<\/h3>\n<p style=\"text-align: justify;\">Lemon Haze'in en belirgin \u00f6zelli\u011fi, taze s\u0131k\u0131lm\u0131\u015f limonatay\u0131 an\u0131msatan ba\u015ftan \u00e7\u0131kar\u0131c\u0131 aromas\u0131d\u0131r; sulu narenciye kabu\u011fu, tatl\u0131 ve \u00e7am aromal\u0131 bir alt tonla birle\u015ferek ho\u015f bir aroma yarat\u0131r. Konik tomurcuklar yo\u011fun bir \u015fekilde yerle\u015fmi\u015ftir ve \u00fczerlerinde bir\u00e7ok g\u00f6r\u00fcn\u00fcr, kabar\u0131k trikom bulunur. Birka\u00e7 soluk turuncu pistil, a\u00e7\u0131k ye\u015fil \u00e7i\u00e7eklerin aras\u0131na d\u00fczg\u00fcnce yerle\u015fmi\u015ftir ve ayr\u0131ld\u0131klar\u0131nda tomurcuklar daha da fazla THC salg\u0131lar.<\/p>\n<p style=\"text-align: justify;\">Bu esrar t\u00fcr\u00fc, beyinde bir co\u015fkuya ve ard\u0131ndan kanepeye kilitlenmeye neden olur. Enerji seviyelerini, kahkahay\u0131, sosyal ba\u011flant\u0131lar\u0131, stresi, \u00fcz\u00fcnt\u00fcy\u00fc ve mide bulant\u0131s\u0131n\u0131 azalt\u0131r, orta d\u00fczeyde a\u011fr\u0131 kesici etki g\u00f6sterir ve a\u00e7l\u0131k uyar\u0131m\u0131 sa\u011flar.<\/p>\n<p style=\"text-align: justify;\"><a href=\"https:\/\/ograsmarknad.com\/tr\/\">Bizimle ileti\u015fime ge\u00e7in<\/a> Uygun fiyatlarla sat\u0131\u015fa sunulan Lemon Haze i\u00e7in sipari\u015f bilgilerinizi Ogras Marknad ile payla\u015f\u0131n. Lemon Haze'i Avrupa, \u0130sve\u00e7, Finlandiya, \u00c5land, Danimarka, Estonya ve Norve\u00e7'te hemen online sipari\u015f edin!<\/p>","protected":false},"excerpt":{"rendered":"<p>For Wholesale please contact us at<br \/>\nWickr ID: @williamspro<br \/>\nor via Whatsapp<br \/>\n<img loading=\"lazy\" decoding=\"async\" class=\"size-full wp-image-10162 alignleft\" src=\"https:\/\/ograsmarknad.com\/wp-content\/uploads\/2021\/11\/trust.jpg\" alt=\"Trust German\" width=\"300\" height=\"129\" srcset=\"https:\/\/ograsmarknad.com\/wp-content\/uploads\/2021\/11\/trust.jpg 300w, https:\/\/ograsmarknad.com\/wp-content\/uploads\/2021\/11\/trust-18x8.jpg 18w\" sizes=\"auto, (max-width: 300px) 100vw, 300px\" \/><\/p>","protected":false},"featured_media":9757,"comment_status":"open","ping_status":"closed","template":"","meta":{"_joinchat":[]},"product_cat":[71],"product_tag":[],"class_list":{"0":"post-9752","1":"product","2":"type-product","3":"status-publish","4":"has-post-thumbnail","6":"product_cat-gras-sw","8":"first","9":"instock","10":"shipping-taxable","11":"purchasable","12":"product-type-variable","13":"has-default-attributes"},"yoast_head":"<!-- This site is optimized with the Yoast SEO plugin v26.3 - https:\/\/yoast.com\/wordpress\/plugins\/seo\/ -->\n<title>Lemon Haze ogr\u00e4ssort till salu \u2013 K\u00f6p Lemon Haze online<\/title>\n<meta name=\"description\" content=\"K\u00f6p Lemon Haze ogr\u00e4ssort online fr\u00e5n Ograsmarknad. Lemon Haze till salu med citruscitronsmak och upplyftande energiska cannabiseffekter.\" \/>\n<meta name=\"robots\" content=\"index, follow, max-snippet:-1, max-image-preview:large, max-video-preview:-1\" \/>\n<link rel=\"canonical\" href=\"https:\/\/ograsmarknad.com\/tr\/product\/lemon-haze\/\" \/>\n<meta property=\"og:locale\" content=\"tr_TR\" \/>\n<meta property=\"og:type\" content=\"article\" \/>\n<meta property=\"og:title\" content=\"Lemon Haze ogr\u00e4ssort till salu \u2013 K\u00f6p Lemon Haze online\" \/>\n<meta property=\"og:description\" content=\"K\u00f6p Lemon Haze ogr\u00e4ssort online fr\u00e5n Ograsmarknad. Lemon Haze till salu med citruscitronsmak och upplyftande energiska cannabiseffekter.\" \/>\n<meta property=\"og:url\" content=\"https:\/\/ograsmarknad.com\/tr\/product\/lemon-haze\/\" \/>\n<meta property=\"og:site_name\" content=\"Ogras Marknad\" \/>\n<meta property=\"article:modified_time\" content=\"2026-03-14T06:50:54+00:00\" \/>\n<meta property=\"og:image\" content=\"https:\/\/ograsmarknad.com\/wp-content\/uploads\/2021\/11\/lemon-haze.jpg\" \/>\n\t<meta property=\"og:image:width\" content=\"600\" \/>\n\t<meta property=\"og:image:height\" content=\"600\" \/>\n\t<meta property=\"og:image:type\" content=\"image\/jpeg\" \/>\n<meta name=\"twitter:card\" content=\"summary_large_image\" \/>\n<meta name=\"twitter:label1\" content=\"Tahmini okuma s\u00fcresi\" \/>\n\t<meta name=\"twitter:data1\" content=\"2 dakika\" \/>\n<!-- \/ Yoast SEO plugin. -->","yoast_head_json":{"title":"Lemon Haze esrar \u00e7e\u015fidi sat\u0131l\u0131k \u2013 Lemon Haze'i online sat\u0131n al\u0131n","description":"Ograsmarknad'dan online olarak Lemon Haze esrar t\u00fcr\u00fcn\u00fc sat\u0131n al\u0131n. Limon aromal\u0131 ve canland\u0131r\u0131c\u0131, enerji verici kenevir etkilerine sahip Lemon Haze sat\u0131\u015fta.","robots":{"index":"index","follow":"follow","max-snippet":"max-snippet:-1","max-image-preview":"max-image-preview:large","max-video-preview":"max-video-preview:-1"},"canonical":"https:\/\/ograsmarknad.com\/tr\/product\/lemon-haze\/","og_locale":"tr_TR","og_type":"article","og_title":"Lemon Haze ogr\u00e4ssort till salu \u2013 K\u00f6p Lemon Haze online","og_description":"K\u00f6p Lemon Haze ogr\u00e4ssort online fr\u00e5n Ograsmarknad. Lemon Haze till salu med citruscitronsmak och upplyftande energiska cannabiseffekter.","og_url":"https:\/\/ograsmarknad.com\/tr\/product\/lemon-haze\/","og_site_name":"Ogras Marknad","article_modified_time":"2026-03-14T06:50:54+00:00","og_image":[{"width":600,"height":600,"url":"https:\/\/ograsmarknad.com\/wp-content\/uploads\/2021\/11\/lemon-haze.jpg","type":"image\/jpeg"}],"twitter_card":"summary_large_image","twitter_misc":{"Tahmini okuma s\u00fcresi":"2 dakika"},"schema":{"@context":"https:\/\/schema.org","@graph":[{"@type":"WebPage","@id":"https:\/\/ograsmarknad.com\/product\/lemon-haze\/","url":"https:\/\/ograsmarknad.com\/product\/lemon-haze\/","name":"Lemon Haze esrar \u00e7e\u015fidi sat\u0131l\u0131k \u2013 Lemon Haze'i online sat\u0131n al\u0131n","isPartOf":{"@id":"https:\/\/ograsmarknad.com\/#website"},"primaryImageOfPage":{"@id":"https:\/\/ograsmarknad.com\/product\/lemon-haze\/#primaryimage"},"image":{"@id":"https:\/\/ograsmarknad.com\/product\/lemon-haze\/#primaryimage"},"thumbnailUrl":"https:\/\/ograsmarknad.com\/wp-content\/uploads\/2021\/11\/lemon-haze.jpg","datePublished":"2021-11-08T08:26:11+00:00","dateModified":"2026-03-14T06:50:54+00:00","description":"Ograsmarknad'dan online olarak Lemon Haze esrar t\u00fcr\u00fcn\u00fc sat\u0131n al\u0131n. Limon aromal\u0131 ve canland\u0131r\u0131c\u0131, enerji verici kenevir etkilerine sahip Lemon Haze sat\u0131\u015fta.","breadcrumb":{"@id":"https:\/\/ograsmarknad.com\/product\/lemon-haze\/#breadcrumb"},"inLanguage":"tr","potentialAction":[{"@type":"ReadAction","target":["https:\/\/ograsmarknad.com\/product\/lemon-haze\/"]}]},{"@type":"ImageObject","inLanguage":"tr","@id":"https:\/\/ograsmarknad.com\/product\/lemon-haze\/#primaryimage","url":"https:\/\/ograsmarknad.com\/wp-content\/uploads\/2021\/11\/lemon-haze.jpg","contentUrl":"https:\/\/ograsmarknad.com\/wp-content\/uploads\/2021\/11\/lemon-haze.jpg","width":600,"height":600,"caption":"lemon-haze"},{"@type":"BreadcrumbList","@id":"https:\/\/ograsmarknad.com\/product\/lemon-haze\/#breadcrumb","itemListElement":[{"@type":"ListItem","position":1,"name":"Home","item":"https:\/\/ograsmarknad.com\/"},{"@type":"ListItem","position":2,"name":"Shop","item":"https:\/\/ograsmarknad.com\/shop\/"},{"@type":"ListItem","position":3,"name":"Lemon Haze"}]},{"@type":"WebSite","@id":"https:\/\/ograsmarknad.com\/#website","url":"https:\/\/ograsmarknad.com\/","name":"Ogras Marknad","description":"Ogras Marknad","potentialAction":[{"@type":"SearchAction","target":{"@type":"EntryPoint","urlTemplate":"https:\/\/ograsmarknad.com\/?s={search_term_string}"},"query-input":{"@type":"PropertyValueSpecification","valueRequired":true,"valueName":"search_term_string"}}],"inLanguage":"tr"}]}},"_links":{"self":[{"href":"https:\/\/ograsmarknad.com\/tr\/wp-json\/wp\/v2\/product\/9752","targetHints":{"allow":["GET"]}}],"collection":[{"href":"https:\/\/ograsmarknad.com\/tr\/wp-json\/wp\/v2\/product"}],"about":[{"href":"https:\/\/ograsmarknad.com\/tr\/wp-json\/wp\/v2\/types\/product"}],"replies":[{"embeddable":true,"href":"https:\/\/ograsmarknad.com\/tr\/wp-json\/wp\/v2\/comments?post=9752"}],"wp:featuredmedia":[{"embeddable":true,"href":"https:\/\/ograsmarknad.com\/tr\/wp-json\/wp\/v2\/media\/9757"}],"wp:attachment":[{"href":"https:\/\/ograsmarknad.com\/tr\/wp-json\/wp\/v2\/media?parent=9752"}],"wp:term":[{"taxonomy":"product_cat","embeddable":true,"href":"https:\/\/ograsmarknad.com\/tr\/wp-json\/wp\/v2\/product_cat?post=9752"},{"taxonomy":"product_tag","embeddable":true,"href":"https:\/\/ograsmarknad.com\/tr\/wp-json\/wp\/v2\/product_tag?post=9752"}],"curies":[{"name":"wp","href":"https:\/\/api.w.org\/{rel}","templated":true}]}}