{"id":9759,"date":"2021-11-08T08:46:54","date_gmt":"2021-11-08T08:46:54","guid":{"rendered":"https:\/\/ograsmarknad.com\/?post_type=product&#038;p=9759"},"modified":"2026-03-16T10:34:58","modified_gmt":"2026-03-16T10:34:58","slug":"orange-kush","status":"publish","type":"product","link":"https:\/\/ograsmarknad.com\/tr\/product\/orange-kush\/","title":{"rendered":"Orange Kush"},"content":{"rendered":"<h2 style=\"text-align: justify;\">Avrupa, \u0130sve\u00e7, Finlandiya, \u00c5land, Danimarka, Estonya, Norve\u00e7'te online Orange Kush sipari\u015fi verin, en iyi fiyatlarla bug\u00fcn Ogras Market'te!<\/h2>\n<p style=\"text-align: justify;\">Green Devil Genetics, Orange Bud ve Orange Kush'un yavrular\u0131 olan Orange Kush'u yaratt\u0131. <a href=\"https:\/\/ograsmarknad.com\/tr\/product\/orange-kush\/\">OG Kush<\/a>. V\u00fccudu sakinle\u015ftiren ve ruhlar\u0131 y\u00fckselten tatl\u0131 ve baharatl\u0131 bir narenciye aromas\u0131na sahiptir. Bu t\u00fcr, \u00e7ok say\u0131da turuncu t\u00fcy ve trikom kristalleri i\u00e7eren uzun, yo\u011fun tomurcuklara sahiptir ve \u00e7o\u011fu zararl\u0131ya ve k\u00fcfe kar\u015f\u0131 dayan\u0131kl\u0131d\u0131r. Orange Kush'u bug\u00fcn \u00e7evrimi\u00e7i ma\u011fazam\u0131zdan Avrupa, \u0130sve\u00e7, Finlandiya, \u00c5land, Danimarka, Estonya, Norve\u00e7'te \u00e7evrimi\u00e7i olarak sat\u0131n al\u0131n.<\/p>\n<p style=\"text-align: justify;\">Sat\u0131l\u0131k Orange Kush, Orange Bud ve OG Kush'un yavrular\u0131d\u0131r. V\u00fccudu sakinle\u015ftiren ve ruhlar\u0131 y\u00fckselten tatl\u0131 ve baharatl\u0131 bir narenciye aromas\u0131na sahiptir. Bu t\u00fcr, \u00e7ok say\u0131da turuncu t\u00fcy ve trikom kristalleri i\u00e7eren uzun, yo\u011fun tomurcuklara sahiptir ve \u00e7o\u011fu zararl\u0131ya ve k\u00fcfe kar\u015f\u0131 dayan\u0131kl\u0131d\u0131r.<\/p>\n<p style=\"text-align: justify;\">Bu Sativa bask\u0131n hibrit marihuana t\u00fcr\u00fc, s\u00fcrd\u00fcr\u00fclebilir ve g\u00fcvenilir bir yeti\u015ftirici olmak i\u00e7in yarat\u0131lm\u0131\u015ft\u0131r. Organic Kush bitkileri OG Kush ve SAGE ebeveynlerinden t\u00fcremi\u015ftir ve bir\u00e7ok sativada oldu\u011fu gibi \u00e7i\u00e7ek a\u00e7mas\u0131 10-11 hafta s\u00fcrer. Bu bitkilerin dallar\u0131nda bir\u00e7ok koyu ye\u015fil yaprak vard\u0131r, ancak tomurcuklar\u0131 a\u00e7\u0131k ye\u015fildir ve taze kesilmi\u015f kozalaklar gibi kokar. Organic Kush, daha yarat\u0131c\u0131 olman\u0131z i\u00e7in size ilham verebilecek serebral bir y\u00fcksek i\u00e7in m\u00fckemmel bir se\u00e7imdir.<\/p>\n<h3 style=\"text-align: justify;\">G\u00f6r\u00fcn\u00fc\u015f<\/h3>\n<p style=\"text-align: justify;\">A\u00e7\u0131k ye\u015fil ve parlak kal\u0131n turuncu t\u00fcyleri vard\u0131r. \u00dczerindeki kristaller de \u0131\u015f\u0131kta parl\u0131yor.<\/p>\n<h3 style=\"text-align: justify;\">Aroma<\/h3>\n<p style=\"text-align: justify;\">Hafif bir topraks\u0131 bitki kokusu var ama ba\u015fka koku yok. Gizlice, tabii ki.<\/p>\n<h3 style=\"text-align: justify;\">Lezzet<\/h3>\n<p style=\"text-align: justify;\">Tad\u0131 da pek yoktur, ayn\u0131 \u015fekilde kokusu da pek yoktur. Hafif, hafif topraks\u0131, bitkisel bir tad\u0131 vard\u0131r.<\/p>\n<h3 style=\"text-align: justify;\">Etkileri<\/h3>\n<p style=\"text-align: justify;\">En iyi gece kullan\u0131l\u0131r. Olduk\u00e7a berrak bir kafa ile g\u00fc\u00e7l\u00fc indica etkilerine sahiptir. A\u011fr\u0131ya ve gizli varl\u0131\u011fa kar\u015f\u0131 etkilidir.<\/p>\n<h3 style=\"text-align: justify;\">Avantajlar<\/h3>\n<p style=\"text-align: justify;\">Orange Kush i\u015ftah\u0131 art\u0131rmaya yard\u0131mc\u0131 olur ve mide bulant\u0131s\u0131, hafif a\u011fr\u0131 kesici, stres, ast\u0131m ve rahatlamaya iyi gelir. Orange Kush'u Avrupa, \u0130sve\u00e7, Finlandiya, \u00c5land, Danimarka, Estonya, Norve\u00e7'te \u00e7evrimi\u00e7i sat\u0131n almakla ilgileniyorsan\u0131z, l\u00fctfen do\u011frudan bizimle ileti\u015fime ge\u00e7in ve sipari\u015f bilgilerinizi payla\u015f\u0131n. Bug\u00fcn ileti\u015fime ge\u00e7in!<\/p>","protected":false},"excerpt":{"rendered":"<p>For Wholesale please contact us at<br \/>\nWickr ID: @williamspro<br \/>\nor via Whatsapp<br \/>\n<img loading=\"lazy\" decoding=\"async\" class=\"size-full wp-image-10162 alignleft\" src=\"https:\/\/ograsmarknad.com\/wp-content\/uploads\/2021\/11\/trust.jpg\" alt=\"Trust German\" width=\"300\" height=\"129\" srcset=\"https:\/\/ograsmarknad.com\/wp-content\/uploads\/2021\/11\/trust.jpg 300w, https:\/\/ograsmarknad.com\/wp-content\/uploads\/2021\/11\/trust-18x8.jpg 18w\" sizes=\"auto, (max-width: 300px) 100vw, 300px\" \/><\/p>","protected":false},"featured_media":9764,"comment_status":"open","ping_status":"closed","template":"","meta":{"_joinchat":[]},"product_cat":[71],"product_tag":[],"class_list":{"0":"post-9759","1":"product","2":"type-product","3":"status-publish","4":"has-post-thumbnail","6":"product_cat-gras-sw","8":"first","9":"instock","10":"shipping-taxable","11":"purchasable","12":"product-type-variable","13":"has-default-attributes"},"yoast_head":"<!-- This site is optimized with the Yoast SEO plugin v26.3 - https:\/\/yoast.com\/wordpress\/plugins\/seo\/ -->\n<title>Orange Kush ogr\u00e4ssort till salu \u2013 K\u00f6p Orange Kush online<\/title>\n<meta name=\"description\" content=\"K\u00f6p Orange Kush ogr\u00e4ssort online fr\u00e5n Ograsmarknad. Orange Kush till salu med citrusarom och avslappnande indica-dominanta cannabiseffekter.\" \/>\n<meta name=\"robots\" content=\"index, follow, max-snippet:-1, max-image-preview:large, max-video-preview:-1\" \/>\n<link rel=\"canonical\" href=\"https:\/\/ograsmarknad.com\/tr\/product\/orange-kush\/\" \/>\n<meta property=\"og:locale\" content=\"tr_TR\" \/>\n<meta property=\"og:type\" content=\"article\" \/>\n<meta property=\"og:title\" content=\"Orange Kush ogr\u00e4ssort till salu \u2013 K\u00f6p Orange Kush online\" \/>\n<meta property=\"og:description\" content=\"K\u00f6p Orange Kush ogr\u00e4ssort online fr\u00e5n Ograsmarknad. Orange Kush till salu med citrusarom och avslappnande indica-dominanta cannabiseffekter.\" \/>\n<meta property=\"og:url\" content=\"https:\/\/ograsmarknad.com\/tr\/product\/orange-kush\/\" \/>\n<meta property=\"og:site_name\" content=\"Ogras Marknad\" \/>\n<meta property=\"article:modified_time\" content=\"2026-03-16T10:34:58+00:00\" \/>\n<meta property=\"og:image\" content=\"https:\/\/ograsmarknad.com\/wp-content\/uploads\/2021\/11\/orange-kush.jpg\" \/>\n\t<meta property=\"og:image:width\" content=\"600\" \/>\n\t<meta property=\"og:image:height\" content=\"600\" \/>\n\t<meta property=\"og:image:type\" content=\"image\/jpeg\" \/>\n<meta name=\"twitter:card\" content=\"summary_large_image\" \/>\n<meta name=\"twitter:label1\" content=\"Tahmini okuma s\u00fcresi\" \/>\n\t<meta name=\"twitter:data1\" content=\"2 dakika\" \/>\n<!-- \/ Yoast SEO plugin. -->","yoast_head_json":{"title":"Orange Kush esrar \u00e7e\u015fidi sat\u0131l\u0131k \u2013 Orange Kush'u online sat\u0131n al\u0131n","description":"Ograsmarknad'dan Orange Kush esrar t\u00fcr\u00fcn\u00fc online olarak sat\u0131n al\u0131n. Narenciye aromal\u0131 ve rahatlat\u0131c\u0131, indica a\u011f\u0131rl\u0131kl\u0131 kenevir etkilerine sahip Orange Kush sat\u0131\u015fta.","robots":{"index":"index","follow":"follow","max-snippet":"max-snippet:-1","max-image-preview":"max-image-preview:large","max-video-preview":"max-video-preview:-1"},"canonical":"https:\/\/ograsmarknad.com\/tr\/product\/orange-kush\/","og_locale":"tr_TR","og_type":"article","og_title":"Orange Kush ogr\u00e4ssort till salu \u2013 K\u00f6p Orange Kush online","og_description":"K\u00f6p Orange Kush ogr\u00e4ssort online fr\u00e5n Ograsmarknad. Orange Kush till salu med citrusarom och avslappnande indica-dominanta cannabiseffekter.","og_url":"https:\/\/ograsmarknad.com\/tr\/product\/orange-kush\/","og_site_name":"Ogras Marknad","article_modified_time":"2026-03-16T10:34:58+00:00","og_image":[{"width":600,"height":600,"url":"https:\/\/ograsmarknad.com\/wp-content\/uploads\/2021\/11\/orange-kush.jpg","type":"image\/jpeg"}],"twitter_card":"summary_large_image","twitter_misc":{"Tahmini okuma s\u00fcresi":"2 dakika"},"schema":{"@context":"https:\/\/schema.org","@graph":[{"@type":"WebPage","@id":"https:\/\/ograsmarknad.com\/product\/orange-kush\/","url":"https:\/\/ograsmarknad.com\/product\/orange-kush\/","name":"Orange Kush esrar \u00e7e\u015fidi sat\u0131l\u0131k \u2013 Orange Kush'u online sat\u0131n al\u0131n","isPartOf":{"@id":"https:\/\/ograsmarknad.com\/#website"},"primaryImageOfPage":{"@id":"https:\/\/ograsmarknad.com\/product\/orange-kush\/#primaryimage"},"image":{"@id":"https:\/\/ograsmarknad.com\/product\/orange-kush\/#primaryimage"},"thumbnailUrl":"https:\/\/ograsmarknad.com\/wp-content\/uploads\/2021\/11\/orange-kush.jpg","datePublished":"2021-11-08T08:46:54+00:00","dateModified":"2026-03-16T10:34:58+00:00","description":"Ograsmarknad'dan Orange Kush esrar t\u00fcr\u00fcn\u00fc online olarak sat\u0131n al\u0131n. Narenciye aromal\u0131 ve rahatlat\u0131c\u0131, indica a\u011f\u0131rl\u0131kl\u0131 kenevir etkilerine sahip Orange Kush sat\u0131\u015fta.","breadcrumb":{"@id":"https:\/\/ograsmarknad.com\/product\/orange-kush\/#breadcrumb"},"inLanguage":"tr","potentialAction":[{"@type":"ReadAction","target":["https:\/\/ograsmarknad.com\/product\/orange-kush\/"]}]},{"@type":"ImageObject","inLanguage":"tr","@id":"https:\/\/ograsmarknad.com\/product\/orange-kush\/#primaryimage","url":"https:\/\/ograsmarknad.com\/wp-content\/uploads\/2021\/11\/orange-kush.jpg","contentUrl":"https:\/\/ograsmarknad.com\/wp-content\/uploads\/2021\/11\/orange-kush.jpg","width":600,"height":600,"caption":"orange-kush"},{"@type":"BreadcrumbList","@id":"https:\/\/ograsmarknad.com\/product\/orange-kush\/#breadcrumb","itemListElement":[{"@type":"ListItem","position":1,"name":"Home","item":"https:\/\/ograsmarknad.com\/"},{"@type":"ListItem","position":2,"name":"Shop","item":"https:\/\/ograsmarknad.com\/shop\/"},{"@type":"ListItem","position":3,"name":"Orange Kush"}]},{"@type":"WebSite","@id":"https:\/\/ograsmarknad.com\/#website","url":"https:\/\/ograsmarknad.com\/","name":"Ogras Marknad","description":"Ogras Marknad","potentialAction":[{"@type":"SearchAction","target":{"@type":"EntryPoint","urlTemplate":"https:\/\/ograsmarknad.com\/?s={search_term_string}"},"query-input":{"@type":"PropertyValueSpecification","valueRequired":true,"valueName":"search_term_string"}}],"inLanguage":"tr"}]}},"_links":{"self":[{"href":"https:\/\/ograsmarknad.com\/tr\/wp-json\/wp\/v2\/product\/9759","targetHints":{"allow":["GET"]}}],"collection":[{"href":"https:\/\/ograsmarknad.com\/tr\/wp-json\/wp\/v2\/product"}],"about":[{"href":"https:\/\/ograsmarknad.com\/tr\/wp-json\/wp\/v2\/types\/product"}],"replies":[{"embeddable":true,"href":"https:\/\/ograsmarknad.com\/tr\/wp-json\/wp\/v2\/comments?post=9759"}],"wp:featuredmedia":[{"embeddable":true,"href":"https:\/\/ograsmarknad.com\/tr\/wp-json\/wp\/v2\/media\/9764"}],"wp:attachment":[{"href":"https:\/\/ograsmarknad.com\/tr\/wp-json\/wp\/v2\/media?parent=9759"}],"wp:term":[{"taxonomy":"product_cat","embeddable":true,"href":"https:\/\/ograsmarknad.com\/tr\/wp-json\/wp\/v2\/product_cat?post=9759"},{"taxonomy":"product_tag","embeddable":true,"href":"https:\/\/ograsmarknad.com\/tr\/wp-json\/wp\/v2\/product_tag?post=9759"}],"curies":[{"name":"wp","href":"https:\/\/api.w.org\/{rel}","templated":true}]}}