{"id":9765,"date":"2021-11-08T08:50:29","date_gmt":"2021-11-08T08:50:29","guid":{"rendered":"https:\/\/ograsmarknad.com\/?post_type=product&#038;p=9765"},"modified":"2026-03-16T10:34:46","modified_gmt":"2026-03-16T10:34:46","slug":"pineapple-express","status":"publish","type":"product","link":"https:\/\/ograsmarknad.com\/tr\/product\/pineapple-express\/","title":{"rendered":"Pineapple Express"},"content":{"rendered":"<h2 style=\"text-align: justify;\">Pineapple Express'i \u0130sve\u00e7, Finlandiya, \u00c5land, Danimarka, Estonya, Norve\u00e7'te Ogras Market'ten uygun fiyatlarla sat\u0131n al\u0131n!<\/h2>\n<p style=\"text-align: justify;\">I dessa tider kan <a href=\"https:\/\/ograsmarknad.com\/tr\/product\/pineapple-express\/\">Pineapple Express till salu<\/a> k\u00f6pas p\u00e5 <a href=\"https:\/\/ograsmarknad.com\/tr\/\">Ogras Marknad<\/a> till ett rimligt pris. Hela v\u00e5rt n\u00e4tverk av s\u00e4ljare och leverant\u00f6rer \u00e4r h\u00e4r f\u00f6r att hj\u00e4lpa dig att k\u00f6pa Pineapple Express online n\u00e4r som helst, var som helst. Vi \u00e4r en erfaren online\u00e5terf\u00f6rs\u00e4ljare med stor f\u00f6rst\u00e5else f\u00f6r v\u00e5ra kunders behov. Du kan f\u00e5 de b\u00e4sta produkterna h\u00e4r. Best\u00e4ll Pineapple Express online nu!<\/p>\n<h3 style=\"text-align: justify;\">\u00d6zellikler<\/h3>\n<p style=\"text-align: justify;\">Avrupa, \u0130sve\u00e7, Finlandiya, \u00c5land, Danimarka, Estonya ve Norve\u00e7'te sat\u0131\u015fta olan Pineapple Express, Trainwreck ve Hawaiian'\u0131n pop\u00fcler bir melezidir. Tropiklerden gelen bir tomurcuktur. Sigara i\u00e7enlerde co\u015fku uyand\u0131ran yumu\u015fak, tatl\u0131 bir duman \u00fcretir. \u0130nternette b\u00fcy\u00fck ilgi g\u00f6ren g\u00fc\u00e7l\u00fc bir t\u00fcrd\u00fcr. Bu t\u00fcr genellikle '\u00fcn \u00fczerinde bir THC konsantrasyonuna sahiptir. Meyve tezgah\u0131 aromas\u0131na sahiptir. Pineapple Express'in ta\u015f \u015feklinde zeytin rengi tomurcuklar\u0131 vard\u0131r. Taze kesilmi\u015f bir ananas par\u00e7as\u0131n\u0131n tad\u0131na sahiptirler. Bu t\u00fcrle, k\u0131sa s\u00fcrede k\u00fc\u00e7\u00fck bir yap\u0131lacaklar listesi olu\u015fturabilirsiniz. Bu bitki hem i\u00e7 hem de d\u0131\u015f mekanlarda kolayca yeti\u015ftirilebilir. Bitkinin \u00e7i\u00e7ek a\u00e7mas\u0131 yakla\u015f\u0131k 7-8 hafta s\u00fcrer.<\/p>\n<h3 style=\"text-align: justify;\">Avantajlar<\/h3>\n<ul style=\"text-align: justify;\">\n<li>De smaak is echt intens.<\/li>\n<li>T\u00e1 s\u00e9 ag cruth\u00fa corra\u00edl mh\u00f3r.<\/li>\n<li>Het geeft je het gevoel alsof je door de lucht zweeft.<\/li>\n<li>Tugann s\u00e9 moth\u00fa beag\u00e1in\u00edn neamhshuime duit chomh maith le hard spreag\u00fail agus taitneamhach.<\/li>\n<li>Het stimuleert mensen om creatief en communicatief te zijn.<\/li>\n<li>Cuid\u00edonn s\u00e9 le ti\u00fachan agus t\u00e1irgi\u00falacht.<\/li>\n<li>Het is gunstig voor mensen die last hebben van angst, vermoeidheid, depressie, chronische stress of algemene rusteloosheid.<\/li>\n<li>Ayn\u0131 zamanda m\u00fctevaz\u0131 rahatlat\u0131c\u0131 \u00f6zelliklere de sahiptir.<\/li>\n<\/ul>\n<h3 style=\"text-align: justify;\">Pineapple Express'i online olarak nas\u0131l sipari\u015f edebilirim?<\/h3>\n<p style=\"text-align: justify;\">Pineapple Express'i online sipari\u015f etmek i\u00e7in do\u011frudan online ma\u011fazam\u0131za ba\u011flanabilirsiniz. Sipari\u015finizi k\u0131sa s\u00fcrede teslim edece\u011fiz. T\u00fcm sipari\u015fleri g\u00fcvenli bir \u015fekilde paketliyor ve d\u00fcnya \u00e7ap\u0131nda teslimat sa\u011fl\u0131yoruz. \u00dcr\u00fcnlerimizle ilgili hi\u00e7bir \u015fikayetiniz olmayacak. Gecikmeyin, sipari\u015finizi hemen verin!<\/p>","protected":false},"excerpt":{"rendered":"<p>For Wholesale please contact us at<br \/>\nWickr ID: @williamspro<br \/>\nor via Whatsapp<br \/>\n<img loading=\"lazy\" decoding=\"async\" class=\"size-full wp-image-10162 alignleft\" src=\"https:\/\/ograsmarknad.com\/wp-content\/uploads\/2021\/11\/trust.jpg\" alt=\"Trust German\" width=\"300\" height=\"129\" srcset=\"https:\/\/ograsmarknad.com\/wp-content\/uploads\/2021\/11\/trust.jpg 300w, https:\/\/ograsmarknad.com\/wp-content\/uploads\/2021\/11\/trust-18x8.jpg 18w\" sizes=\"auto, (max-width: 300px) 100vw, 300px\" \/><\/p>","protected":false},"featured_media":9770,"comment_status":"open","ping_status":"closed","template":"","meta":{"_joinchat":[]},"product_cat":[71],"product_tag":[],"class_list":{"0":"post-9765","1":"product","2":"type-product","3":"status-publish","4":"has-post-thumbnail","6":"product_cat-gras-sw","8":"first","9":"instock","10":"shipping-taxable","11":"purchasable","12":"product-type-variable","13":"has-default-attributes"},"yoast_head":"<!-- This site is optimized with the Yoast SEO plugin v26.3 - https:\/\/yoast.com\/wordpress\/plugins\/seo\/ -->\n<title>Pineapple Express ogr\u00e4ssort till salu \u2013 K\u00f6p Pineapple online<\/title>\n<meta name=\"description\" content=\"K\u00f6p Pineapple Express ogr\u00e4ssort online fr\u00e5n Ograsmarknad. Pineapple Express till salu, k\u00e4nd f\u00f6r sin tropiska smak och energiska upplyftande cannabiseffekter.\" \/>\n<meta name=\"robots\" content=\"index, follow, max-snippet:-1, max-image-preview:large, max-video-preview:-1\" \/>\n<link rel=\"canonical\" href=\"https:\/\/ograsmarknad.com\/tr\/product\/pineapple-express\/\" \/>\n<meta property=\"og:locale\" content=\"tr_TR\" \/>\n<meta property=\"og:type\" content=\"article\" \/>\n<meta property=\"og:title\" content=\"Pineapple Express ogr\u00e4ssort till salu \u2013 K\u00f6p Pineapple online\" \/>\n<meta property=\"og:description\" content=\"K\u00f6p Pineapple Express ogr\u00e4ssort online fr\u00e5n Ograsmarknad. Pineapple Express till salu, k\u00e4nd f\u00f6r sin tropiska smak och energiska upplyftande cannabiseffekter.\" \/>\n<meta property=\"og:url\" content=\"https:\/\/ograsmarknad.com\/tr\/product\/pineapple-express\/\" \/>\n<meta property=\"og:site_name\" content=\"Ogras Marknad\" \/>\n<meta property=\"article:modified_time\" content=\"2026-03-16T10:34:46+00:00\" \/>\n<meta property=\"og:image\" content=\"https:\/\/ograsmarknad.com\/wp-content\/uploads\/2021\/11\/pineapple-express.jpg\" \/>\n\t<meta property=\"og:image:width\" content=\"600\" \/>\n\t<meta property=\"og:image:height\" content=\"600\" \/>\n\t<meta property=\"og:image:type\" content=\"image\/jpeg\" \/>\n<meta name=\"twitter:card\" content=\"summary_large_image\" \/>\n<meta name=\"twitter:label1\" content=\"Tahmini okuma s\u00fcresi\" \/>\n\t<meta name=\"twitter:data1\" content=\"2 dakika\" \/>\n<!-- \/ Yoast SEO plugin. -->","yoast_head_json":{"title":"Pineapple Express esrar \u00e7e\u015fidi sat\u0131l\u0131k \u2013 Pineapple'\u0131 online sat\u0131n al\u0131n","description":"Ograsmarknad'dan online olarak Pineapple Express esrar t\u00fcr\u00fcn\u00fc sat\u0131n al\u0131n. Tropikal aromas\u0131 ve enerji verici, canland\u0131r\u0131c\u0131 kenevir etkileriyle bilinen Pineapple Express sat\u0131\u015fta.","robots":{"index":"index","follow":"follow","max-snippet":"max-snippet:-1","max-image-preview":"max-image-preview:large","max-video-preview":"max-video-preview:-1"},"canonical":"https:\/\/ograsmarknad.com\/tr\/product\/pineapple-express\/","og_locale":"tr_TR","og_type":"article","og_title":"Pineapple Express ogr\u00e4ssort till salu \u2013 K\u00f6p Pineapple online","og_description":"K\u00f6p Pineapple Express ogr\u00e4ssort online fr\u00e5n Ograsmarknad. Pineapple Express till salu, k\u00e4nd f\u00f6r sin tropiska smak och energiska upplyftande cannabiseffekter.","og_url":"https:\/\/ograsmarknad.com\/tr\/product\/pineapple-express\/","og_site_name":"Ogras Marknad","article_modified_time":"2026-03-16T10:34:46+00:00","og_image":[{"width":600,"height":600,"url":"https:\/\/ograsmarknad.com\/wp-content\/uploads\/2021\/11\/pineapple-express.jpg","type":"image\/jpeg"}],"twitter_card":"summary_large_image","twitter_misc":{"Tahmini okuma s\u00fcresi":"2 dakika"},"schema":{"@context":"https:\/\/schema.org","@graph":[{"@type":"WebPage","@id":"https:\/\/ograsmarknad.com\/product\/pineapple-express\/","url":"https:\/\/ograsmarknad.com\/product\/pineapple-express\/","name":"Pineapple Express esrar \u00e7e\u015fidi sat\u0131l\u0131k \u2013 Pineapple'\u0131 online sat\u0131n al\u0131n","isPartOf":{"@id":"https:\/\/ograsmarknad.com\/#website"},"primaryImageOfPage":{"@id":"https:\/\/ograsmarknad.com\/product\/pineapple-express\/#primaryimage"},"image":{"@id":"https:\/\/ograsmarknad.com\/product\/pineapple-express\/#primaryimage"},"thumbnailUrl":"https:\/\/ograsmarknad.com\/wp-content\/uploads\/2021\/11\/pineapple-express.jpg","datePublished":"2021-11-08T08:50:29+00:00","dateModified":"2026-03-16T10:34:46+00:00","description":"Ograsmarknad'dan online olarak Pineapple Express esrar t\u00fcr\u00fcn\u00fc sat\u0131n al\u0131n. Tropikal aromas\u0131 ve enerji verici, canland\u0131r\u0131c\u0131 kenevir etkileriyle bilinen Pineapple Express sat\u0131\u015fta.","breadcrumb":{"@id":"https:\/\/ograsmarknad.com\/product\/pineapple-express\/#breadcrumb"},"inLanguage":"tr","potentialAction":[{"@type":"ReadAction","target":["https:\/\/ograsmarknad.com\/product\/pineapple-express\/"]}]},{"@type":"ImageObject","inLanguage":"tr","@id":"https:\/\/ograsmarknad.com\/product\/pineapple-express\/#primaryimage","url":"https:\/\/ograsmarknad.com\/wp-content\/uploads\/2021\/11\/pineapple-express.jpg","contentUrl":"https:\/\/ograsmarknad.com\/wp-content\/uploads\/2021\/11\/pineapple-express.jpg","width":600,"height":600,"caption":"pineapple-express"},{"@type":"BreadcrumbList","@id":"https:\/\/ograsmarknad.com\/product\/pineapple-express\/#breadcrumb","itemListElement":[{"@type":"ListItem","position":1,"name":"Home","item":"https:\/\/ograsmarknad.com\/"},{"@type":"ListItem","position":2,"name":"Shop","item":"https:\/\/ograsmarknad.com\/shop\/"},{"@type":"ListItem","position":3,"name":"Pineapple Express"}]},{"@type":"WebSite","@id":"https:\/\/ograsmarknad.com\/#website","url":"https:\/\/ograsmarknad.com\/","name":"Ogras Marknad","description":"Ogras Marknad","potentialAction":[{"@type":"SearchAction","target":{"@type":"EntryPoint","urlTemplate":"https:\/\/ograsmarknad.com\/?s={search_term_string}"},"query-input":{"@type":"PropertyValueSpecification","valueRequired":true,"valueName":"search_term_string"}}],"inLanguage":"tr"}]}},"_links":{"self":[{"href":"https:\/\/ograsmarknad.com\/tr\/wp-json\/wp\/v2\/product\/9765","targetHints":{"allow":["GET"]}}],"collection":[{"href":"https:\/\/ograsmarknad.com\/tr\/wp-json\/wp\/v2\/product"}],"about":[{"href":"https:\/\/ograsmarknad.com\/tr\/wp-json\/wp\/v2\/types\/product"}],"replies":[{"embeddable":true,"href":"https:\/\/ograsmarknad.com\/tr\/wp-json\/wp\/v2\/comments?post=9765"}],"wp:featuredmedia":[{"embeddable":true,"href":"https:\/\/ograsmarknad.com\/tr\/wp-json\/wp\/v2\/media\/9770"}],"wp:attachment":[{"href":"https:\/\/ograsmarknad.com\/tr\/wp-json\/wp\/v2\/media?parent=9765"}],"wp:term":[{"taxonomy":"product_cat","embeddable":true,"href":"https:\/\/ograsmarknad.com\/tr\/wp-json\/wp\/v2\/product_cat?post=9765"},{"taxonomy":"product_tag","embeddable":true,"href":"https:\/\/ograsmarknad.com\/tr\/wp-json\/wp\/v2\/product_tag?post=9765"}],"curies":[{"name":"wp","href":"https:\/\/api.w.org\/{rel}","templated":true}]}}