{"id":9771,"date":"2021-11-08T08:52:15","date_gmt":"2021-11-08T08:52:15","guid":{"rendered":"https:\/\/ograsmarknad.com\/?post_type=product&#038;p=9771"},"modified":"2026-03-16T10:34:10","modified_gmt":"2026-03-16T10:34:10","slug":"sour-diesel","status":"publish","type":"product","link":"https:\/\/ograsmarknad.com\/tr\/product\/sour-diesel\/","title":{"rendered":"Sour Diesel"},"content":{"rendered":"<h2 style=\"text-align: justify;\">Avrupa'dan Sour Diesel'i ucuz fiyatlarla Ogras Marknad'dan al\u0131n!<\/h2>\n<p style=\"text-align: justify;\">Av en bra anledning \u00e4r <a href=\"https:\/\/ograsmarknad.com\/tr\/product\/sour-diesel\/\">Sour Diesel till salu<\/a> zamanlar\u0131n en keskin t\u00fcrlerinden biri olarak bilinir. Ondan keskin bir kokarca, benzin ve limon kokusu yay\u0131l\u0131r. Bu y\u00fczden en lezzetli olmasa da (nemli t\u00fcrleri tercih etmiyorsan\u0131z), etkiler s\u00f6z konusu oldu\u011funda kesinlikle bir yumruk at\u0131yor. Ola\u011fan\u00fcst\u00fc uyarma ve canland\u0131rma g\u00fcc\u00fc nedeniyle Sour Diesel, depresyon veya bipolar bozukluk gibi duygudurum bozukluklar\u0131 ya\u015fayan insanlar i\u00e7in m\u00fckemmel bir se\u00e7imdir. Sour Diesel'i Avrupa, \u0130sve\u00e7, Finlandiya, \u00c5land, Danimarka, Estonya, Norve\u00e7'teki ma\u011fazam\u0131zdan bug\u00fcn \u00e7evrimi\u00e7i sat\u0131n al\u0131n!<\/p>\n<h3 style=\"text-align: justify;\">Ek\u015fi dizel kokusu, tad\u0131 ve g\u00f6r\u00fcn\u00fcm\u00fc<\/h3>\n<p style=\"text-align: justify;\">\"Dizel\" kelimesi, Sour Diesel t\u00fcr\u00fcn\u00fcn ad\u0131nda \u00e7ok \u00f6zel bir ama\u00e7 i\u00e7in yer almaktad\u0131r. Sour Diesel, herhangi bir marihuanan\u0131n keskin aromalar\u0131na sahiptir, bu da k\u00fcresel ba\u015far\u0131s\u0131n\u0131n ve ad\u0131n\u0131n nedenlerinden biridir.<\/p>\n<p style=\"text-align: justify;\">Keskin ve kokulu bir aromas\u0131 vard\u0131r, ancak tad\u0131nda limon kabu\u011fu ve di\u011fer turun\u00e7gillerin alt tonlar\u0131 da vard\u0131r, muhtemelen bu y\u00fczden \"Ek\u015fi\" olarak adland\u0131r\u0131l\u0131r. Bu marihuana t\u00fcr\u00fcn\u00fcn tad\u0131 topraks\u0131d\u0131r ve bazen i\u00e7ildi\u011finde bir miktar narenciye ile kar\u0131\u015ft\u0131r\u0131l\u0131r. En \u00f6nemlisi, Sour Diesel'in karanl\u0131k ve keskin kalitesinin kar\u0131\u015f\u0131mdaki di\u011fer tatlar\u0131 bast\u0131rmas\u0131n\u0131, narenciye ve baharat\u0131 bir kenarda b\u0131rakmas\u0131n\u0131 bekleyin.<\/p>\n<p style=\"text-align: justify;\">Sour Diesel online, yemye\u015fil \u015feker yapraklar\u0131 ve bu so\u011fuk hasad\u0131n g\u00f6r\u00fcnt\u00fcs\u00fcne renk ve canl\u0131l\u0131k katan hafif pembemsi-turuncu pistilleri ile klasik bir saks\u0131 g\u00f6r\u00fcn\u00fcm\u00fcne sahiptir. Sour Diesel k\u00fcl\u00e7eleri genellikle buzludur ve hepsi de Sour D'nin muazzam g\u00fcc\u00fcn\u00fc simgeleyen \u00e7ok say\u0131da k\u00fc\u00e7\u00fck \u0131\u015f\u0131lt\u0131l\u0131 kristaller i\u00e7erir.<\/p>\n<p style=\"text-align: justify;\">Sigaray\u0131 bitirdikten sonra bile Sour Diesel marihuanan\u0131n kokusu devam edecektir. Al\u0131m\u0131n\u0131z konusunda ihtiyatl\u0131 olmaya \u00e7al\u0131\u015f\u0131yorsan\u0131z, bunu akl\u0131n\u0131zda bulundurun. Sadece birka\u00e7 vuru\u015ftan sonra, a\u011fz\u0131n\u0131zda marihuanan\u0131n tad\u0131n\u0131 alabilmelisiniz.<\/p>\n<p style=\"text-align: justify;\">Avrupa, \u0130sve\u00e7, Finlandiya, \u00c5land, Danimarka, Estonya, Norve\u00e7'te online Sour Diesel sipari\u015fi verin, en iyi fiyatlarla bug\u00fcn <a href=\"https:\/\/ograsmarknad.com\/tr\/\">Ogras Marknad!<\/a><\/p>","protected":false},"excerpt":{"rendered":"<p>For Wholesale please contact us at<br \/>\nWickr ID: @williamspro<br \/>\nor via Whatsapp<br \/>\n<img loading=\"lazy\" decoding=\"async\" class=\"size-full wp-image-10162 alignleft\" src=\"https:\/\/ograsmarknad.com\/wp-content\/uploads\/2021\/11\/trust.jpg\" alt=\"Trust German\" width=\"300\" height=\"129\" srcset=\"https:\/\/ograsmarknad.com\/wp-content\/uploads\/2021\/11\/trust.jpg 300w, https:\/\/ograsmarknad.com\/wp-content\/uploads\/2021\/11\/trust-18x8.jpg 18w\" sizes=\"auto, (max-width: 300px) 100vw, 300px\" \/><\/p>","protected":false},"featured_media":9739,"comment_status":"open","ping_status":"closed","template":"","meta":{"_joinchat":[]},"product_cat":[71],"product_tag":[],"class_list":{"0":"post-9771","1":"product","2":"type-product","3":"status-publish","4":"has-post-thumbnail","6":"product_cat-gras-sw","8":"first","9":"instock","10":"shipping-taxable","11":"purchasable","12":"product-type-variable","13":"has-default-attributes"},"yoast_head":"<!-- This site is optimized with the Yoast SEO plugin v26.3 - https:\/\/yoast.com\/wordpress\/plugins\/seo\/ -->\n<title>Sour Diesel Weed-sort till salu \u2013 K\u00f6p Sour Diesel Online<\/title>\n<meta name=\"description\" content=\"K\u00f6p Sour Diesel-w\u00e4issort online fr\u00e5n Ograsmarknad. Sour Diesel till salu k\u00e4nd f\u00f6r sin dieselarom och energigivande sativa-cannabiseffekter.\" \/>\n<meta name=\"robots\" content=\"index, follow, max-snippet:-1, max-image-preview:large, max-video-preview:-1\" \/>\n<link rel=\"canonical\" href=\"https:\/\/ograsmarknad.com\/tr\/product\/sour-diesel\/\" \/>\n<meta property=\"og:locale\" content=\"tr_TR\" \/>\n<meta property=\"og:type\" content=\"article\" \/>\n<meta property=\"og:title\" content=\"Sour Diesel Weed-sort till salu \u2013 K\u00f6p Sour Diesel Online\" \/>\n<meta property=\"og:description\" content=\"K\u00f6p Sour Diesel-w\u00e4issort online fr\u00e5n Ograsmarknad. Sour Diesel till salu k\u00e4nd f\u00f6r sin dieselarom och energigivande sativa-cannabiseffekter.\" \/>\n<meta property=\"og:url\" content=\"https:\/\/ograsmarknad.com\/tr\/product\/sour-diesel\/\" \/>\n<meta property=\"og:site_name\" content=\"Ogras Marknad\" \/>\n<meta property=\"article:modified_time\" content=\"2026-03-16T10:34:10+00:00\" \/>\n<meta property=\"og:image\" content=\"https:\/\/ograsmarknad.com\/wp-content\/uploads\/2021\/11\/blueberry-kush.jpg\" \/>\n\t<meta property=\"og:image:width\" content=\"600\" \/>\n\t<meta property=\"og:image:height\" content=\"600\" \/>\n\t<meta property=\"og:image:type\" content=\"image\/jpeg\" \/>\n<meta name=\"twitter:card\" content=\"summary_large_image\" \/>\n<meta name=\"twitter:label1\" content=\"Tahmini okuma s\u00fcresi\" \/>\n\t<meta name=\"twitter:data1\" content=\"2 dakika\" \/>\n<!-- \/ Yoast SEO plugin. -->","yoast_head_json":{"title":"Sat\u0131l\u0131k Sour Diesel Esrar \u00c7e\u015fidi \u2013 Sour Diesel'i Online Sat\u0131n Al\u0131n","description":"Ograsmarknad'dan Sour Diesel esrar\u0131n\u0131 online olarak sat\u0131n al\u0131n. Sour Diesel, dizel aromas\u0131 ve enerji verici sativa kenevir etkileriyle bilinir.","robots":{"index":"index","follow":"follow","max-snippet":"max-snippet:-1","max-image-preview":"max-image-preview:large","max-video-preview":"max-video-preview:-1"},"canonical":"https:\/\/ograsmarknad.com\/tr\/product\/sour-diesel\/","og_locale":"tr_TR","og_type":"article","og_title":"Sour Diesel Weed-sort till salu \u2013 K\u00f6p Sour Diesel Online","og_description":"K\u00f6p Sour Diesel-w\u00e4issort online fr\u00e5n Ograsmarknad. Sour Diesel till salu k\u00e4nd f\u00f6r sin dieselarom och energigivande sativa-cannabiseffekter.","og_url":"https:\/\/ograsmarknad.com\/tr\/product\/sour-diesel\/","og_site_name":"Ogras Marknad","article_modified_time":"2026-03-16T10:34:10+00:00","og_image":[{"width":600,"height":600,"url":"https:\/\/ograsmarknad.com\/wp-content\/uploads\/2021\/11\/blueberry-kush.jpg","type":"image\/jpeg"}],"twitter_card":"summary_large_image","twitter_misc":{"Tahmini okuma s\u00fcresi":"2 dakika"},"schema":{"@context":"https:\/\/schema.org","@graph":[{"@type":"WebPage","@id":"https:\/\/ograsmarknad.com\/product\/sour-diesel\/","url":"https:\/\/ograsmarknad.com\/product\/sour-diesel\/","name":"Sat\u0131l\u0131k Sour Diesel Esrar \u00c7e\u015fidi \u2013 Sour Diesel'i Online Sat\u0131n Al\u0131n","isPartOf":{"@id":"https:\/\/ograsmarknad.com\/#website"},"primaryImageOfPage":{"@id":"https:\/\/ograsmarknad.com\/product\/sour-diesel\/#primaryimage"},"image":{"@id":"https:\/\/ograsmarknad.com\/product\/sour-diesel\/#primaryimage"},"thumbnailUrl":"https:\/\/ograsmarknad.com\/wp-content\/uploads\/2021\/11\/blueberry-kush.jpg","datePublished":"2021-11-08T08:52:15+00:00","dateModified":"2026-03-16T10:34:10+00:00","description":"Ograsmarknad'dan Sour Diesel esrar\u0131n\u0131 online olarak sat\u0131n al\u0131n. Sour Diesel, dizel aromas\u0131 ve enerji verici sativa kenevir etkileriyle bilinir.","breadcrumb":{"@id":"https:\/\/ograsmarknad.com\/product\/sour-diesel\/#breadcrumb"},"inLanguage":"tr","potentialAction":[{"@type":"ReadAction","target":["https:\/\/ograsmarknad.com\/product\/sour-diesel\/"]}]},{"@type":"ImageObject","inLanguage":"tr","@id":"https:\/\/ograsmarknad.com\/product\/sour-diesel\/#primaryimage","url":"https:\/\/ograsmarknad.com\/wp-content\/uploads\/2021\/11\/blueberry-kush.jpg","contentUrl":"https:\/\/ograsmarknad.com\/wp-content\/uploads\/2021\/11\/blueberry-kush.jpg","width":600,"height":600,"caption":"blueberry-kush"},{"@type":"BreadcrumbList","@id":"https:\/\/ograsmarknad.com\/product\/sour-diesel\/#breadcrumb","itemListElement":[{"@type":"ListItem","position":1,"name":"Home","item":"https:\/\/ograsmarknad.com\/"},{"@type":"ListItem","position":2,"name":"Shop","item":"https:\/\/ograsmarknad.com\/shop\/"},{"@type":"ListItem","position":3,"name":"Sour Diesel"}]},{"@type":"WebSite","@id":"https:\/\/ograsmarknad.com\/#website","url":"https:\/\/ograsmarknad.com\/","name":"Ogras Marknad","description":"Ogras Marknad","potentialAction":[{"@type":"SearchAction","target":{"@type":"EntryPoint","urlTemplate":"https:\/\/ograsmarknad.com\/?s={search_term_string}"},"query-input":{"@type":"PropertyValueSpecification","valueRequired":true,"valueName":"search_term_string"}}],"inLanguage":"tr"}]}},"_links":{"self":[{"href":"https:\/\/ograsmarknad.com\/tr\/wp-json\/wp\/v2\/product\/9771","targetHints":{"allow":["GET"]}}],"collection":[{"href":"https:\/\/ograsmarknad.com\/tr\/wp-json\/wp\/v2\/product"}],"about":[{"href":"https:\/\/ograsmarknad.com\/tr\/wp-json\/wp\/v2\/types\/product"}],"replies":[{"embeddable":true,"href":"https:\/\/ograsmarknad.com\/tr\/wp-json\/wp\/v2\/comments?post=9771"}],"wp:featuredmedia":[{"embeddable":true,"href":"https:\/\/ograsmarknad.com\/tr\/wp-json\/wp\/v2\/media\/9739"}],"wp:attachment":[{"href":"https:\/\/ograsmarknad.com\/tr\/wp-json\/wp\/v2\/media?parent=9771"}],"wp:term":[{"taxonomy":"product_cat","embeddable":true,"href":"https:\/\/ograsmarknad.com\/tr\/wp-json\/wp\/v2\/product_cat?post=9771"},{"taxonomy":"product_tag","embeddable":true,"href":"https:\/\/ograsmarknad.com\/tr\/wp-json\/wp\/v2\/product_tag?post=9771"}],"curies":[{"name":"wp","href":"https:\/\/api.w.org\/{rel}","templated":true}]}}