{"id":9776,"date":"2021-11-08T08:54:37","date_gmt":"2021-11-08T08:54:37","guid":{"rendered":"https:\/\/ograsmarknad.com\/?post_type=product&#038;p=9776"},"modified":"2026-03-16T10:33:59","modified_gmt":"2026-03-16T10:33:59","slug":"strawberry-haze","status":"publish","type":"product","link":"https:\/\/ograsmarknad.com\/tr\/product\/strawberry-haze\/","title":{"rendered":"Strawberry Haze"},"content":{"rendered":"<h2 style=\"text-align: justify;\">Strawberry Haze'i Ogras Marknad'dan d\u00fc\u015f\u00fck fiyatlarla online sat\u0131n al\u0131n<\/h2>\n<p style=\"text-align: justify;\"><a href=\"https:\/\/ograsmarknad.com\/tr\/product\/strawberry-haze\/\">Strawberry Haze<\/a>olarak da bilinen Strawberry Haze, ad\u0131n\u0131 \u00f6nde gelen bir kenevir \u00fcreticisi ve Hollanda'daki Green House Seed Co. \u015firketinin kurucusu olan Arjan Roskam'dan alan Sativa bask\u0131n bir \u00e7e\u015fittir. Strawberry Haze ilk olarak 2000'li y\u0131llar\u0131n ortalar\u0131nda, Swiss Sativa, Northern Lights #5, Haze ve Kali Mist'in bir kar\u0131\u015f\u0131m\u0131n\u0131 i\u00e7erdi\u011fi iddia edilen karma\u015f\u0131k bir soya\u011fac\u0131 ile piyasaya \u00e7\u0131kt\u0131. Strawberry Haze'i Avrupa, \u0130sve\u00e7, Finlandiya, \u00c5land, Danimarka, Estonya, Portekiz, Norve\u00e7'te Ogras Marknad'dan online sat\u0131n al\u0131n. <a href=\"https:\/\/ograsmarknad.com\/tr\/\">Ogras Marknad<\/a>.<\/p>\n<p style=\"text-align: justify;\">Sat\u0131l\u0131k Strawberry Haze, tatl\u0131 ve topraks\u0131 bir tada d\u00f6n\u00fc\u015fen \u00e7i\u00e7eksi tonlara sahip lezzetli \u00e7ileklerin ho\u015f bir aromas\u0131na sahiptir. Bu t\u00fcr, m\u00fctevaz\u0131 bir v\u00fccut y\u00fcksekli\u011fi ve g\u00fc\u00e7l\u00fc serebral etkiler \u00fcretir. Strawberry Haze, yarat\u0131c\u0131 veya sosyal bir v\u0131z\u0131lt\u0131 arayanlar i\u00e7in cazip bir se\u00e7enek haline getirir.<\/p>\n<h3 style=\"text-align: justify;\">Daha Fazla Bilgi<\/h3>\n<p style=\"text-align: justify;\"><strong>Strawberry Haze online <\/strong>i\u00e7 veya d\u0131\u015f mekanda yeti\u015ftirilebilen uzun dall\u0131 bir bitkidir, bu da onu \u0131\u015f\u0131\u011fa maruz kalmay\u0131 en \u00fcst d\u00fczeye \u00e7\u0131karmak i\u00e7in bir ekran kurmay\u0131 i\u00e7eren Ye\u015fil Ekran y\u00f6ntemi (ScrOG) i\u00e7in iyi bir aday haline getirir. Yeti\u015ftiriciler, 10 haftal\u0131k bir \u00e7i\u00e7eklenme d\u00f6neminden sonra i\u00e7 mekanda metrekare ba\u015f\u0131na 600 grama kadar ve d\u0131\u015f mekanda bitki ba\u015f\u0131na 800 grama kadar verim bekleyebilirler. Kuzey yar\u0131mk\u00fcrede, ekvatoral veya tropikal ko\u015fullar d\u0131\u015f mekan yeti\u015ftiricili\u011fi i\u00e7in idealdir ve bitki kuzey yar\u0131mk\u00fcrede Ekim ortas\u0131na ve g\u00fcney yar\u0131mk\u00fcrede Nisan ortas\u0131na kadar \u00e7i\u00e7ek a\u00e7mal\u0131d\u0131r.<\/p>\n<h3 style=\"text-align: justify;\">Avantajlar<\/h3>\n<p style=\"text-align: justify;\">Strawberry Haze, di\u011fer bir\u00e7ok hibrit t\u00fcr\u00fcn aksine, yakla\u015f\u0131k %1 CBD i\u00e7erir ve bu da onu t\u0131bbi durumlar\u0131n tedavisi i\u00e7in m\u00fckemmel bir se\u00e7im haline getirir. Bir\u00e7ok ki\u015fi bu t\u00fcr\u00fcn anksiyete ve umutsuzlukla ba\u015fa \u00e7\u0131kmalar\u0131na yard\u0131mc\u0131 oldu\u011funu ve ayr\u0131ca ADD veya DEHB semptomlar\u0131na da yard\u0131mc\u0131 olabilece\u011fini s\u00f6ylemi\u015ftir. Strawberry Haze, migren, kas kramplar\u0131, eklem a\u011fr\u0131s\u0131 ve daha fazlas\u0131 dahil olmak \u00fczere \u00e7e\u015fitli v\u00fccut a\u011fr\u0131lar\u0131na ve a\u011fr\u0131lar\u0131na yard\u0131mc\u0131 olabilir. Bu t\u00fcr\u00fc kullan\u0131rken a\u011f\u0131rdan almak en iyisidir \u00e7\u00fcnk\u00fc lezzetli aromalar\u0131 sizi a\u015f\u0131r\u0131 yemeye te\u015fvik edebilir.<\/p>\n<p style=\"text-align: justify;\">Strawberry Haze'i Avrupa, \u0130sve\u00e7, Finlandiya, Almanya, Danimarka, Estonya, Norve\u00e7'teki online ma\u011fazam\u0131zdan sipari\u015f edin ve yak\u0131nda teslim edilmesini bekleyin!<\/p>","protected":false},"excerpt":{"rendered":"<p>For Wholesale please contact us at<br \/>\nWickr ID: @williamspro<br \/>\nor via Whatsapp<br \/>\n<img loading=\"lazy\" decoding=\"async\" class=\"size-full wp-image-10162 alignleft\" src=\"https:\/\/ograsmarknad.com\/wp-content\/uploads\/2021\/11\/trust.jpg\" alt=\"Trust German\" width=\"300\" height=\"129\" srcset=\"https:\/\/ograsmarknad.com\/wp-content\/uploads\/2021\/11\/trust.jpg 300w, https:\/\/ograsmarknad.com\/wp-content\/uploads\/2021\/11\/trust-18x8.jpg 18w\" sizes=\"auto, (max-width: 300px) 100vw, 300px\" \/><\/p>","protected":false},"featured_media":9781,"comment_status":"open","ping_status":"closed","template":"","meta":{"_joinchat":[]},"product_cat":[71],"product_tag":[],"class_list":{"0":"post-9776","1":"product","2":"type-product","3":"status-publish","4":"has-post-thumbnail","6":"product_cat-gras-sw","8":"first","9":"instock","10":"shipping-taxable","11":"purchasable","12":"product-type-variable","13":"has-default-attributes"},"yoast_head":"<!-- This site is optimized with the Yoast SEO plugin v26.3 - https:\/\/yoast.com\/wordpress\/plugins\/seo\/ -->\n<title>Strawberry Haze ogr\u00e4ssort till salu \u2013 K\u00f6p Strawberry Haze online<\/title>\n<meta name=\"description\" content=\"K\u00f6p Strawberry Haze ogr\u00e4ssort online fr\u00e5n Ograsmarknad. Strawberry Haze till salu med s\u00f6t b\u00e4rsmak och upplyftande sativa-cannabiseffekter.\" \/>\n<meta name=\"robots\" content=\"index, follow, max-snippet:-1, max-image-preview:large, max-video-preview:-1\" \/>\n<link rel=\"canonical\" href=\"https:\/\/ograsmarknad.com\/tr\/product\/strawberry-haze\/\" \/>\n<meta property=\"og:locale\" content=\"tr_TR\" \/>\n<meta property=\"og:type\" content=\"article\" \/>\n<meta property=\"og:title\" content=\"Strawberry Haze ogr\u00e4ssort till salu \u2013 K\u00f6p Strawberry Haze online\" \/>\n<meta property=\"og:description\" content=\"K\u00f6p Strawberry Haze ogr\u00e4ssort online fr\u00e5n Ograsmarknad. Strawberry Haze till salu med s\u00f6t b\u00e4rsmak och upplyftande sativa-cannabiseffekter.\" \/>\n<meta property=\"og:url\" content=\"https:\/\/ograsmarknad.com\/tr\/product\/strawberry-haze\/\" \/>\n<meta property=\"og:site_name\" content=\"Ogras Marknad\" \/>\n<meta property=\"article:modified_time\" content=\"2026-03-16T10:33:59+00:00\" \/>\n<meta property=\"og:image\" content=\"https:\/\/ograsmarknad.com\/wp-content\/uploads\/2021\/11\/strawberry-haze.jpg\" \/>\n\t<meta property=\"og:image:width\" content=\"600\" \/>\n\t<meta property=\"og:image:height\" content=\"600\" \/>\n\t<meta property=\"og:image:type\" content=\"image\/jpeg\" \/>\n<meta name=\"twitter:card\" content=\"summary_large_image\" \/>\n<meta name=\"twitter:label1\" content=\"Tahmini okuma s\u00fcresi\" \/>\n\t<meta name=\"twitter:data1\" content=\"2 dakika\" \/>\n<!-- \/ Yoast SEO plugin. -->","yoast_head_json":{"title":"Strawberry Haze esrar \u00e7e\u015fidi sat\u0131l\u0131k \u2013 Strawberry Haze'i online sat\u0131n al\u0131n","description":"Ograsmarknad'dan Strawberry Haze esrar t\u00fcr\u00fcn\u00fc \u00e7evrimi\u00e7i sat\u0131n al\u0131n. Tatl\u0131 \u00e7ilek aromas\u0131 ve canland\u0131r\u0131c\u0131 sativa kenevir etkileriyle Strawberry Haze sat\u0131\u015fta.","robots":{"index":"index","follow":"follow","max-snippet":"max-snippet:-1","max-image-preview":"max-image-preview:large","max-video-preview":"max-video-preview:-1"},"canonical":"https:\/\/ograsmarknad.com\/tr\/product\/strawberry-haze\/","og_locale":"tr_TR","og_type":"article","og_title":"Strawberry Haze ogr\u00e4ssort till salu \u2013 K\u00f6p Strawberry Haze online","og_description":"K\u00f6p Strawberry Haze ogr\u00e4ssort online fr\u00e5n Ograsmarknad. Strawberry Haze till salu med s\u00f6t b\u00e4rsmak och upplyftande sativa-cannabiseffekter.","og_url":"https:\/\/ograsmarknad.com\/tr\/product\/strawberry-haze\/","og_site_name":"Ogras Marknad","article_modified_time":"2026-03-16T10:33:59+00:00","og_image":[{"width":600,"height":600,"url":"https:\/\/ograsmarknad.com\/wp-content\/uploads\/2021\/11\/strawberry-haze.jpg","type":"image\/jpeg"}],"twitter_card":"summary_large_image","twitter_misc":{"Tahmini okuma s\u00fcresi":"2 dakika"},"schema":{"@context":"https:\/\/schema.org","@graph":[{"@type":"WebPage","@id":"https:\/\/ograsmarknad.com\/product\/strawberry-haze\/","url":"https:\/\/ograsmarknad.com\/product\/strawberry-haze\/","name":"Strawberry Haze esrar \u00e7e\u015fidi sat\u0131l\u0131k \u2013 Strawberry Haze'i online sat\u0131n al\u0131n","isPartOf":{"@id":"https:\/\/ograsmarknad.com\/#website"},"primaryImageOfPage":{"@id":"https:\/\/ograsmarknad.com\/product\/strawberry-haze\/#primaryimage"},"image":{"@id":"https:\/\/ograsmarknad.com\/product\/strawberry-haze\/#primaryimage"},"thumbnailUrl":"https:\/\/ograsmarknad.com\/wp-content\/uploads\/2021\/11\/strawberry-haze.jpg","datePublished":"2021-11-08T08:54:37+00:00","dateModified":"2026-03-16T10:33:59+00:00","description":"Ograsmarknad'dan Strawberry Haze esrar t\u00fcr\u00fcn\u00fc \u00e7evrimi\u00e7i sat\u0131n al\u0131n. Tatl\u0131 \u00e7ilek aromas\u0131 ve canland\u0131r\u0131c\u0131 sativa kenevir etkileriyle Strawberry Haze sat\u0131\u015fta.","breadcrumb":{"@id":"https:\/\/ograsmarknad.com\/product\/strawberry-haze\/#breadcrumb"},"inLanguage":"tr","potentialAction":[{"@type":"ReadAction","target":["https:\/\/ograsmarknad.com\/product\/strawberry-haze\/"]}]},{"@type":"ImageObject","inLanguage":"tr","@id":"https:\/\/ograsmarknad.com\/product\/strawberry-haze\/#primaryimage","url":"https:\/\/ograsmarknad.com\/wp-content\/uploads\/2021\/11\/strawberry-haze.jpg","contentUrl":"https:\/\/ograsmarknad.com\/wp-content\/uploads\/2021\/11\/strawberry-haze.jpg","width":600,"height":600,"caption":"strawberry-haze"},{"@type":"BreadcrumbList","@id":"https:\/\/ograsmarknad.com\/product\/strawberry-haze\/#breadcrumb","itemListElement":[{"@type":"ListItem","position":1,"name":"Home","item":"https:\/\/ograsmarknad.com\/"},{"@type":"ListItem","position":2,"name":"Shop","item":"https:\/\/ograsmarknad.com\/shop\/"},{"@type":"ListItem","position":3,"name":"Strawberry Haze"}]},{"@type":"WebSite","@id":"https:\/\/ograsmarknad.com\/#website","url":"https:\/\/ograsmarknad.com\/","name":"Ogras Marknad","description":"Ogras Marknad","potentialAction":[{"@type":"SearchAction","target":{"@type":"EntryPoint","urlTemplate":"https:\/\/ograsmarknad.com\/?s={search_term_string}"},"query-input":{"@type":"PropertyValueSpecification","valueRequired":true,"valueName":"search_term_string"}}],"inLanguage":"tr"}]}},"_links":{"self":[{"href":"https:\/\/ograsmarknad.com\/tr\/wp-json\/wp\/v2\/product\/9776","targetHints":{"allow":["GET"]}}],"collection":[{"href":"https:\/\/ograsmarknad.com\/tr\/wp-json\/wp\/v2\/product"}],"about":[{"href":"https:\/\/ograsmarknad.com\/tr\/wp-json\/wp\/v2\/types\/product"}],"replies":[{"embeddable":true,"href":"https:\/\/ograsmarknad.com\/tr\/wp-json\/wp\/v2\/comments?post=9776"}],"wp:featuredmedia":[{"embeddable":true,"href":"https:\/\/ograsmarknad.com\/tr\/wp-json\/wp\/v2\/media\/9781"}],"wp:attachment":[{"href":"https:\/\/ograsmarknad.com\/tr\/wp-json\/wp\/v2\/media?parent=9776"}],"wp:term":[{"taxonomy":"product_cat","embeddable":true,"href":"https:\/\/ograsmarknad.com\/tr\/wp-json\/wp\/v2\/product_cat?post=9776"},{"taxonomy":"product_tag","embeddable":true,"href":"https:\/\/ograsmarknad.com\/tr\/wp-json\/wp\/v2\/product_tag?post=9776"}],"curies":[{"name":"wp","href":"https:\/\/api.w.org\/{rel}","templated":true}]}}