{"id":9782,"date":"2021-11-08T09:02:04","date_gmt":"2021-11-08T09:02:04","guid":{"rendered":"https:\/\/ograsmarknad.com\/?post_type=product&#038;p=9782"},"modified":"2026-03-16T10:33:50","modified_gmt":"2026-03-16T10:33:50","slug":"super-silver-haze","status":"publish","type":"product","link":"https:\/\/ograsmarknad.com\/tr\/product\/super-silver-haze\/","title":{"rendered":"Super Silver Haze"},"content":{"rendered":"<h2 style=\"text-align: justify;\">Super Silver Haze Ogras Marknad'dan d\u00fc\u015f\u00fck fiyatlarla online sat\u0131n al\u0131n<\/h2>\n<p style=\"text-align: justify;\"><a href=\"https:\/\/ograsmarknad.com\/tr\/product\/super-silver-haze\/\">Super Silver Haze<\/a> , Haze, Northern Lights ve Skunk t\u00fcrlerinin bir melezidir. En iyi fiyatlarla sat\u0131l\u0131k Super Silver Haze var. Sonu\u00e7 inan\u0131lmaz ve size her zaman istedi\u011finiz benzersiz Sativa deneyimini sunuyor. Super Silver Haze size uzun s\u00fcre dayanan en enerji verici v\u00fccut y\u00fcksekli\u011fini verir. Ayr\u0131ca g\u00fc\u00e7l\u00fc ve ilham verici bir etkiye sahiptirler. Sonu\u00e7 olarak, hastaysan\u0131z veya bir s\u00fcredir yemek yemediyseniz, y\u00fcksek stres seviyesiyle ba\u015fa \u00e7\u0131kma \u015fans\u0131n\u0131z daha y\u00fcksek olacakt\u0131r. T\u00fcm bunlar Super Silver Haze sayesinde geri kazan\u0131lacakt\u0131r. Super Silver Haze'i \u0130sve\u00e7, Finlandiya, \u00c5land, Danimarka, Estonya, Norve\u00e7'teki ma\u011fazam\u0131zdan \u015fimdi sat\u0131n al\u0131n!<\/p>\n<p style=\"text-align: justify;\">Avrupa'da \u00e7evrimi\u00e7i Super Silver Haze, uzun s\u00fcreli bir y\u00fcksek \u00fcreten Sativa bask\u0131n bir melezdir. Ortalama THC i\u00e7eri\u011fine ve %0,10 CBD i\u00e7eri\u011fine sahiptir. Sadece sakin ve rahatlam\u0131\u015f hissetmekle kalmayacak, ayn\u0131 zamanda g\u00fcn boyunca \u00f6nemli g\u00f6revleri de yerine getirebileceksiniz. Bu, sizi bir kanepe patatesi gibi hissettirme e\u011filiminde olan di\u011fer baz\u0131 t\u00fcrlerin aksine.<\/p>\n<h3 style=\"text-align: justify;\">Avantajlar<\/h3>\n<p style=\"text-align: justify;\">Bu t\u00fcr\u00fcn bir\u00e7ok kullan\u0131c\u0131s\u0131 m\u00fckemmel terap\u00f6tik \u00f6zelliklere sahip oldu\u011funu belirtmi\u015ftir. Baharat, skunk ve narenciye, g\u00fc\u00e7l\u00fc psikotropik ve fiziksel etkilere sahip olan Super Silver Haze'de bulunan t\u00fcm aromalard\u0131r. Super Silver Haze, uzun s\u00fcreli y\u00fcksekli\u011finin ikinci b\u00f6l\u00fcm\u00fcnde v\u00fccudu de\u011fi\u015ftirir ve rahatlatmaya ba\u015flar, bu da olabildi\u011fince motive edicidir. Renkler daha parlak hale gelir ve tonlar keskinle\u015fir, b\u00f6ylece kullan\u0131c\u0131lar keyfini \u00e7\u0131karabilir. \u00c7o\u011fu kullan\u0131c\u0131 i\u00e7in bu t\u00fcr, yorgunluk, ruh hali sorunlar\u0131, mide bulant\u0131s\u0131 ve migren i\u00e7in yararl\u0131 bir g\u00fcnl\u00fck tedavi olabilir. Di\u011ferleri di\u011ferlerinden daha fazla fiziksel semptom ya\u015fayabilir, ancak kronik ko\u015fullara yard\u0131mc\u0131 olabilir.<\/p>\n<p style=\"text-align: justify;\">Bu t\u00fcr\u00fcn pop\u00fclaritesi son y\u0131llarda \u015f\u00fcphesiz artm\u0131\u015ft\u0131r. Bununla birlikte, bu t\u00fcr\u00fcn kullan\u0131c\u0131lar\u0131 hala Super Silver Haze'i \u00e7evrimi\u00e7i bulmakta sorun ya\u015f\u0131yor. Bunun nedeni, \u00e7o\u011funun \u00e7evrimi\u00e7i eczanelerden al\u0131\u015fveri\u015f yapmay\u0131 tercih etmesidir. Yine de, sat\u0131n alma ihtiya\u00e7lar\u0131n\u0131z\u0131 kar\u015f\u0131lamak i\u00e7in her zaman yan\u0131n\u0131zday\u0131z. G\u00fcn\u00fcn\u00fcz\u00fcn tad\u0131n\u0131 \u00e7\u0131kar\u0131n ve \u00e7evrimi\u00e7i ma\u011fazam\u0131zdan al\u0131\u015fveri\u015f yaparken e\u011flenin. Bug\u00fcn \u0130sve\u00e7, Finlandiya, \u00c5land, Danimarka, Estonya, Norve\u00e7'te Super Silver Haze sat\u0131n almak i\u00e7in sipari\u015finizi bulun!<\/p>","protected":false},"excerpt":{"rendered":"<p>For Wholesale please contact us at<br \/>\nWickr ID: @williamspro<br \/>\nor via Whatsapp<br \/>\n<img loading=\"lazy\" decoding=\"async\" class=\"size-full wp-image-10162 alignleft\" src=\"https:\/\/ograsmarknad.com\/wp-content\/uploads\/2021\/11\/trust.jpg\" alt=\"Trust German\" width=\"300\" height=\"129\" srcset=\"https:\/\/ograsmarknad.com\/wp-content\/uploads\/2021\/11\/trust.jpg 300w, https:\/\/ograsmarknad.com\/wp-content\/uploads\/2021\/11\/trust-18x8.jpg 18w\" sizes=\"auto, (max-width: 300px) 100vw, 300px\" \/><\/p>","protected":false},"featured_media":9787,"comment_status":"open","ping_status":"closed","template":"","meta":{"_joinchat":[]},"product_cat":[71],"product_tag":[],"class_list":{"0":"post-9782","1":"product","2":"type-product","3":"status-publish","4":"has-post-thumbnail","6":"product_cat-gras-sw","8":"first","9":"instock","10":"shipping-taxable","11":"purchasable","12":"product-type-variable","13":"has-default-attributes"},"yoast_head":"<!-- This site is optimized with the Yoast SEO plugin v26.3 - https:\/\/yoast.com\/wordpress\/plugins\/seo\/ -->\n<title>Super Silver Haze ogr\u00e4ssort till salu \u2013 K\u00f6p Super Silver Haze online<\/title>\n<meta name=\"description\" content=\"K\u00f6p Super Silver Haze ogr\u00e4ssort online fr\u00e5n Ograsmarknad. Super Silver Haze till salu k\u00e4nd f\u00f6r sina energiska, upplyftande sativa-effekter och citrus-tallarom.\" \/>\n<meta name=\"robots\" content=\"index, follow, max-snippet:-1, max-image-preview:large, max-video-preview:-1\" \/>\n<link rel=\"canonical\" href=\"https:\/\/ograsmarknad.com\/tr\/product\/super-silver-haze\/\" \/>\n<meta property=\"og:locale\" content=\"tr_TR\" \/>\n<meta property=\"og:type\" content=\"article\" \/>\n<meta property=\"og:title\" content=\"Super Silver Haze ogr\u00e4ssort till salu \u2013 K\u00f6p Super Silver Haze online\" \/>\n<meta property=\"og:description\" content=\"K\u00f6p Super Silver Haze ogr\u00e4ssort online fr\u00e5n Ograsmarknad. Super Silver Haze till salu k\u00e4nd f\u00f6r sina energiska, upplyftande sativa-effekter och citrus-tallarom.\" \/>\n<meta property=\"og:url\" content=\"https:\/\/ograsmarknad.com\/tr\/product\/super-silver-haze\/\" \/>\n<meta property=\"og:site_name\" content=\"Ogras Marknad\" \/>\n<meta property=\"article:modified_time\" content=\"2026-03-16T10:33:50+00:00\" \/>\n<meta property=\"og:image\" content=\"https:\/\/ograsmarknad.com\/wp-content\/uploads\/2021\/11\/super-silver-haze.jpg\" \/>\n\t<meta property=\"og:image:width\" content=\"600\" \/>\n\t<meta property=\"og:image:height\" content=\"600\" \/>\n\t<meta property=\"og:image:type\" content=\"image\/jpeg\" \/>\n<meta name=\"twitter:card\" content=\"summary_large_image\" \/>\n<meta name=\"twitter:label1\" content=\"Tahmini okuma s\u00fcresi\" \/>\n\t<meta name=\"twitter:data1\" content=\"2 dakika\" \/>\n<!-- \/ Yoast SEO plugin. -->","yoast_head_json":{"title":"Super Silver Haze esrar \u00e7e\u015fidi sat\u0131l\u0131k \u2013 Super Silver Haze'i online sat\u0131n al\u0131n","description":"Weed Market'ten Super Silver Haze esrar t\u00fcr\u00fcn\u00fc online olarak sat\u0131n al\u0131n. Enerjik, canland\u0131r\u0131c\u0131 sativa etkileri ve narenciye-\u00e7am aromas\u0131yla bilinen Super Silver Haze sat\u0131\u015fta.","robots":{"index":"index","follow":"follow","max-snippet":"max-snippet:-1","max-image-preview":"max-image-preview:large","max-video-preview":"max-video-preview:-1"},"canonical":"https:\/\/ograsmarknad.com\/tr\/product\/super-silver-haze\/","og_locale":"tr_TR","og_type":"article","og_title":"Super Silver Haze ogr\u00e4ssort till salu \u2013 K\u00f6p Super Silver Haze online","og_description":"K\u00f6p Super Silver Haze ogr\u00e4ssort online fr\u00e5n Ograsmarknad. Super Silver Haze till salu k\u00e4nd f\u00f6r sina energiska, upplyftande sativa-effekter och citrus-tallarom.","og_url":"https:\/\/ograsmarknad.com\/tr\/product\/super-silver-haze\/","og_site_name":"Ogras Marknad","article_modified_time":"2026-03-16T10:33:50+00:00","og_image":[{"width":600,"height":600,"url":"https:\/\/ograsmarknad.com\/wp-content\/uploads\/2021\/11\/super-silver-haze.jpg","type":"image\/jpeg"}],"twitter_card":"summary_large_image","twitter_misc":{"Tahmini okuma s\u00fcresi":"2 dakika"},"schema":{"@context":"https:\/\/schema.org","@graph":[{"@type":"WebPage","@id":"https:\/\/ograsmarknad.com\/product\/super-silver-haze\/","url":"https:\/\/ograsmarknad.com\/product\/super-silver-haze\/","name":"Super Silver Haze esrar \u00e7e\u015fidi sat\u0131l\u0131k \u2013 Super Silver Haze'i online sat\u0131n al\u0131n","isPartOf":{"@id":"https:\/\/ograsmarknad.com\/#website"},"primaryImageOfPage":{"@id":"https:\/\/ograsmarknad.com\/product\/super-silver-haze\/#primaryimage"},"image":{"@id":"https:\/\/ograsmarknad.com\/product\/super-silver-haze\/#primaryimage"},"thumbnailUrl":"https:\/\/ograsmarknad.com\/wp-content\/uploads\/2021\/11\/super-silver-haze.jpg","datePublished":"2021-11-08T09:02:04+00:00","dateModified":"2026-03-16T10:33:50+00:00","description":"Weed Market'ten Super Silver Haze esrar t\u00fcr\u00fcn\u00fc online olarak sat\u0131n al\u0131n. Enerjik, canland\u0131r\u0131c\u0131 sativa etkileri ve narenciye-\u00e7am aromas\u0131yla bilinen Super Silver Haze sat\u0131\u015fta.","breadcrumb":{"@id":"https:\/\/ograsmarknad.com\/product\/super-silver-haze\/#breadcrumb"},"inLanguage":"tr","potentialAction":[{"@type":"ReadAction","target":["https:\/\/ograsmarknad.com\/product\/super-silver-haze\/"]}]},{"@type":"ImageObject","inLanguage":"tr","@id":"https:\/\/ograsmarknad.com\/product\/super-silver-haze\/#primaryimage","url":"https:\/\/ograsmarknad.com\/wp-content\/uploads\/2021\/11\/super-silver-haze.jpg","contentUrl":"https:\/\/ograsmarknad.com\/wp-content\/uploads\/2021\/11\/super-silver-haze.jpg","width":600,"height":600,"caption":"super-silver-haze"},{"@type":"BreadcrumbList","@id":"https:\/\/ograsmarknad.com\/product\/super-silver-haze\/#breadcrumb","itemListElement":[{"@type":"ListItem","position":1,"name":"Home","item":"https:\/\/ograsmarknad.com\/"},{"@type":"ListItem","position":2,"name":"Shop","item":"https:\/\/ograsmarknad.com\/shop\/"},{"@type":"ListItem","position":3,"name":"Super Silver Haze"}]},{"@type":"WebSite","@id":"https:\/\/ograsmarknad.com\/#website","url":"https:\/\/ograsmarknad.com\/","name":"Ogras Marknad","description":"Ogras Marknad","potentialAction":[{"@type":"SearchAction","target":{"@type":"EntryPoint","urlTemplate":"https:\/\/ograsmarknad.com\/?s={search_term_string}"},"query-input":{"@type":"PropertyValueSpecification","valueRequired":true,"valueName":"search_term_string"}}],"inLanguage":"tr"}]}},"_links":{"self":[{"href":"https:\/\/ograsmarknad.com\/tr\/wp-json\/wp\/v2\/product\/9782","targetHints":{"allow":["GET"]}}],"collection":[{"href":"https:\/\/ograsmarknad.com\/tr\/wp-json\/wp\/v2\/product"}],"about":[{"href":"https:\/\/ograsmarknad.com\/tr\/wp-json\/wp\/v2\/types\/product"}],"replies":[{"embeddable":true,"href":"https:\/\/ograsmarknad.com\/tr\/wp-json\/wp\/v2\/comments?post=9782"}],"wp:featuredmedia":[{"embeddable":true,"href":"https:\/\/ograsmarknad.com\/tr\/wp-json\/wp\/v2\/media\/9787"}],"wp:attachment":[{"href":"https:\/\/ograsmarknad.com\/tr\/wp-json\/wp\/v2\/media?parent=9782"}],"wp:term":[{"taxonomy":"product_cat","embeddable":true,"href":"https:\/\/ograsmarknad.com\/tr\/wp-json\/wp\/v2\/product_cat?post=9782"},{"taxonomy":"product_tag","embeddable":true,"href":"https:\/\/ograsmarknad.com\/tr\/wp-json\/wp\/v2\/product_tag?post=9782"}],"curies":[{"name":"wp","href":"https:\/\/api.w.org\/{rel}","templated":true}]}}