{"id":9817,"date":"2021-11-08T15:09:58","date_gmt":"2021-11-08T15:09:58","guid":{"rendered":"https:\/\/ograsmarknad.com\/?post_type=product&#038;p=9817"},"modified":"2024-05-31T05:26:05","modified_gmt":"2024-05-31T05:26:05","slug":"lemon-tree-hash","status":"publish","type":"product","link":"https:\/\/ograsmarknad.com\/tr\/product\/lemon-tree-hash\/","title":{"rendered":"Lemon Tree Hash"},"content":{"rendered":"<h2 style=\"text-align: justify;\">Limon A\u011fac\u0131 Hash'i en iyi fiyatlarla Ogras Market'ten online sat\u0131n al\u0131n!<\/h2>\n<p style=\"text-align: justify;\">Lemon tree hash veya sadece \"lemon tree\", harika limon sanatlar\u0131 ve ek\u015fi dizel t\u00fcrlerinin kar\u0131\u015ft\u0131r\u0131lmas\u0131yla olu\u015fturulan 50\/50 hibrit bir t\u00fcrd\u00fcr. G\u00f6z a\u00e7\u0131c\u0131 lezzeti ve ortalama y\u00fczde 20-25 THC seviyesi sayesinde bu Canavar, 2014 Seattle Cannabis Cup'ta En \u0130yi Hibrit dal\u0131nda birincilik alm\u0131\u015ft\u0131r. \u0130sve\u00e7, Finlandiya, \u00c5land, Danimarka, Estonya ve Norve\u00e7'te \u00e7evrimi\u00e7i limon a\u011fac\u0131 hash sat\u0131n almak istiyorsan\u0131z, o zaman sizin i\u00e7in en iyi se\u00e7im biziz. Limon a\u011fac\u0131 sipari\u015finizi bug\u00fcn online olarak verin!<\/p>\n<h3 style=\"text-align: justify;\">Lezzet<\/h3>\n<p style=\"text-align: justify;\">Sat\u0131l\u0131k limon a\u011fac\u0131, k\u00f6keninden bekleyece\u011finiz \u00e7ok ek\u015fi limon ve kokulu dizel aromas\u0131na sahiptir. Aromas\u0131 da ayn\u0131 derecede yo\u011fundur; dizel topraks\u0131 bir alt ton ve keskin, ek\u015fi kokarca ve sert, keskin limon.<\/p>\n<h3 style=\"text-align: justify;\">G\u00f6r\u00fcn\u00fc\u015f<\/h3>\n<p style=\"text-align: justify;\">Limon a\u011fac\u0131 tomurcuklar\u0131, ultra ince, g\u00f6z kama\u015ft\u0131r\u0131c\u0131 beyaz kristal trikomlardan olu\u015fan yo\u011fun bir kaplamaya ve bulan\u0131k sar\u0131 t\u00fcylerden olu\u015fan kal\u0131n bir kaplamaya sahip yuvarlak, koyu zeytin ye\u015fili tomurcuklar i\u00e7erir.<\/p>\n<h3 style=\"text-align: justify;\">Etkileri<\/h3>\n<p style=\"text-align: justify;\">Limon a\u011fac\u0131, hem zihni hem de v\u00fccudu beklenmedik bir g\u00fc\u00e7le etkileyen, en deneyimli kullan\u0131c\u0131y\u0131 bile bunaltabilecek etkilere sahip tipik bir melezdir. Y\u00fcksekli\u011fin ba\u015flang\u0131c\u0131nda \u00f6forik bir tela\u015f ya\u015fayacaks\u0131n\u0131z, bu da kafan\u0131z\u0131 mutlu vizyonlarla dolduracak ve sizi ne\u015feli b\u0131rakacakt\u0131r. V\u00fccudunuz hafif bir kar\u0131ncalanma ya\u015famaya ba\u015flayacak ve k\u0131sa s\u00fcre sonra tam bir v\u0131z\u0131lt\u0131ya d\u00f6n\u00fc\u015fecek, sizi rahat ve biraz uyu\u015fmu\u015f tutacak, zihinsel durumunuz artt\u0131k\u00e7a fiziksel a\u011fr\u0131lardan veya ac\u0131lardan ar\u0131nm\u0131\u015f olacaks\u0131n\u0131z. Y\u00fcksek THC i\u00e7eri\u011finin yan\u0131 s\u0131ra, bu kar\u0131\u015f\u0131k etkiler limon a\u011fac\u0131na kronik a\u011fr\u0131, iltihaplanma, yorgunluk ve uykusuzluk gibi rahats\u0131zl\u0131klar\u0131n tedavisinde avantaj sa\u011flar.<\/p>\n<p style=\"text-align: justify;\"><em>Ogras Marknad'dan bug\u00fcn \u0130sve\u00e7, Finlandiya, \u00c5land, Danimarka, Estonya ve Norve\u00e7'te online limon a\u011fac\u0131 hash\u0131 sipari\u015f edin!<\/em><\/p>","protected":false},"excerpt":{"rendered":"<p>For Wholesale please contact us at<br \/>\nWickr ID: @williamspro<br \/>\nor via Whatsapp<br \/>\n<img loading=\"lazy\" decoding=\"async\" class=\"size-full wp-image-10162 alignleft\" src=\"https:\/\/ograsmarknad.com\/wp-content\/uploads\/2021\/11\/trust.jpg\" alt=\"Trust German\" width=\"300\" height=\"129\" srcset=\"https:\/\/ograsmarknad.com\/wp-content\/uploads\/2021\/11\/trust.jpg 300w, https:\/\/ograsmarknad.com\/wp-content\/uploads\/2021\/11\/trust-18x8.jpg 18w\" sizes=\"auto, (max-width: 300px) 100vw, 300px\" \/><\/p>","protected":false},"featured_media":9822,"comment_status":"open","ping_status":"closed","template":"","meta":{"_joinchat":[]},"product_cat":[72],"product_tag":[],"class_list":{"0":"post-9817","1":"product","2":"type-product","3":"status-publish","4":"has-post-thumbnail","6":"product_cat-hash","8":"first","9":"instock","10":"shipping-taxable","11":"purchasable","12":"product-type-variable","13":"has-default-attributes"},"yoast_head":"<!-- This site is optimized with the Yoast SEO plugin v26.3 - https:\/\/yoast.com\/wordpress\/plugins\/seo\/ -->\n<title>Lemon Tree Hash - Ogras Marknad<\/title>\n<meta name=\"robots\" content=\"index, follow, max-snippet:-1, max-image-preview:large, max-video-preview:-1\" \/>\n<link rel=\"canonical\" href=\"https:\/\/ograsmarknad.com\/tr\/product\/lemon-tree-hash\/\" \/>\n<meta property=\"og:locale\" content=\"tr_TR\" \/>\n<meta property=\"og:type\" content=\"article\" \/>\n<meta property=\"og:title\" content=\"Lemon Tree Hash - Ogras Marknad\" \/>\n<meta property=\"og:description\" content=\"For Wholesale please contact us at Wickr ID: @williamspro or via Whatsapp\" \/>\n<meta property=\"og:url\" content=\"https:\/\/ograsmarknad.com\/tr\/product\/lemon-tree-hash\/\" \/>\n<meta property=\"og:site_name\" content=\"Ogras Marknad\" \/>\n<meta property=\"article:modified_time\" content=\"2024-05-31T05:26:05+00:00\" \/>\n<meta property=\"og:image\" content=\"https:\/\/ograsmarknad.com\/wp-content\/uploads\/2021\/11\/lemon-tree-hash.jpg\" \/>\n\t<meta property=\"og:image:width\" content=\"600\" \/>\n\t<meta property=\"og:image:height\" content=\"600\" \/>\n\t<meta property=\"og:image:type\" content=\"image\/jpeg\" \/>\n<meta name=\"twitter:card\" content=\"summary_large_image\" \/>\n<meta name=\"twitter:label1\" content=\"Tahmini okuma s\u00fcresi\" \/>\n\t<meta name=\"twitter:data1\" content=\"2 dakika\" \/>\n<!-- \/ Yoast SEO plugin. -->","yoast_head_json":{"title":"Limon A\u011fac\u0131 Hash - OgrasMarknad","robots":{"index":"index","follow":"follow","max-snippet":"max-snippet:-1","max-image-preview":"max-image-preview:large","max-video-preview":"max-video-preview:-1"},"canonical":"https:\/\/ograsmarknad.com\/tr\/product\/lemon-tree-hash\/","og_locale":"tr_TR","og_type":"article","og_title":"Lemon Tree Hash - Ogras Marknad","og_description":"For Wholesale please contact us at Wickr ID: @williamspro or via Whatsapp","og_url":"https:\/\/ograsmarknad.com\/tr\/product\/lemon-tree-hash\/","og_site_name":"Ogras Marknad","article_modified_time":"2024-05-31T05:26:05+00:00","og_image":[{"width":600,"height":600,"url":"https:\/\/ograsmarknad.com\/wp-content\/uploads\/2021\/11\/lemon-tree-hash.jpg","type":"image\/jpeg"}],"twitter_card":"summary_large_image","twitter_misc":{"Tahmini okuma s\u00fcresi":"2 dakika"},"schema":{"@context":"https:\/\/schema.org","@graph":[{"@type":"WebPage","@id":"https:\/\/ograsmarknad.com\/product\/lemon-tree-hash\/","url":"https:\/\/ograsmarknad.com\/product\/lemon-tree-hash\/","name":"Limon A\u011fac\u0131 Hash - OgrasMarknad","isPartOf":{"@id":"https:\/\/ograsmarknad.com\/#website"},"primaryImageOfPage":{"@id":"https:\/\/ograsmarknad.com\/product\/lemon-tree-hash\/#primaryimage"},"image":{"@id":"https:\/\/ograsmarknad.com\/product\/lemon-tree-hash\/#primaryimage"},"thumbnailUrl":"https:\/\/ograsmarknad.com\/wp-content\/uploads\/2021\/11\/lemon-tree-hash.jpg","datePublished":"2021-11-08T15:09:58+00:00","dateModified":"2024-05-31T05:26:05+00:00","breadcrumb":{"@id":"https:\/\/ograsmarknad.com\/product\/lemon-tree-hash\/#breadcrumb"},"inLanguage":"tr","potentialAction":[{"@type":"ReadAction","target":["https:\/\/ograsmarknad.com\/product\/lemon-tree-hash\/"]}]},{"@type":"ImageObject","inLanguage":"tr","@id":"https:\/\/ograsmarknad.com\/product\/lemon-tree-hash\/#primaryimage","url":"https:\/\/ograsmarknad.com\/wp-content\/uploads\/2021\/11\/lemon-tree-hash.jpg","contentUrl":"https:\/\/ograsmarknad.com\/wp-content\/uploads\/2021\/11\/lemon-tree-hash.jpg","width":600,"height":600,"caption":"lemon-tree-hash"},{"@type":"BreadcrumbList","@id":"https:\/\/ograsmarknad.com\/product\/lemon-tree-hash\/#breadcrumb","itemListElement":[{"@type":"ListItem","position":1,"name":"Home","item":"https:\/\/ograsmarknad.com\/"},{"@type":"ListItem","position":2,"name":"Shop","item":"https:\/\/ograsmarknad.com\/shop\/"},{"@type":"ListItem","position":3,"name":"Lemon Tree Hash"}]},{"@type":"WebSite","@id":"https:\/\/ograsmarknad.com\/#website","url":"https:\/\/ograsmarknad.com\/","name":"Ogras Marknad","description":"Ogras Marknad","potentialAction":[{"@type":"SearchAction","target":{"@type":"EntryPoint","urlTemplate":"https:\/\/ograsmarknad.com\/?s={search_term_string}"},"query-input":{"@type":"PropertyValueSpecification","valueRequired":true,"valueName":"search_term_string"}}],"inLanguage":"tr"}]}},"_links":{"self":[{"href":"https:\/\/ograsmarknad.com\/tr\/wp-json\/wp\/v2\/product\/9817","targetHints":{"allow":["GET"]}}],"collection":[{"href":"https:\/\/ograsmarknad.com\/tr\/wp-json\/wp\/v2\/product"}],"about":[{"href":"https:\/\/ograsmarknad.com\/tr\/wp-json\/wp\/v2\/types\/product"}],"replies":[{"embeddable":true,"href":"https:\/\/ograsmarknad.com\/tr\/wp-json\/wp\/v2\/comments?post=9817"}],"wp:featuredmedia":[{"embeddable":true,"href":"https:\/\/ograsmarknad.com\/tr\/wp-json\/wp\/v2\/media\/9822"}],"wp:attachment":[{"href":"https:\/\/ograsmarknad.com\/tr\/wp-json\/wp\/v2\/media?parent=9817"}],"wp:term":[{"taxonomy":"product_cat","embeddable":true,"href":"https:\/\/ograsmarknad.com\/tr\/wp-json\/wp\/v2\/product_cat?post=9817"},{"taxonomy":"product_tag","embeddable":true,"href":"https:\/\/ograsmarknad.com\/tr\/wp-json\/wp\/v2\/product_tag?post=9817"}],"curies":[{"name":"wp","href":"https:\/\/api.w.org\/{rel}","templated":true}]}}