{"id":9823,"date":"2021-11-08T15:25:41","date_gmt":"2021-11-08T15:25:41","guid":{"rendered":"https:\/\/ograsmarknad.com\/?post_type=product&#038;p=9823"},"modified":"2024-05-31T05:23:51","modified_gmt":"2024-05-31T05:23:51","slug":"banana-kush-hash","status":"publish","type":"product","link":"https:\/\/ograsmarknad.com\/tr\/product\/banana-kush-hash\/","title":{"rendered":"Banana Kush Hash"},"content":{"rendered":"<h2 style=\"text-align: justify;\">Banana Kush Hash - Do\u011frudan Ogras Market'ten sipari\u015f verin!<\/h2>\n<p style=\"text-align: justify;\">Sat\u0131l\u0131k Banana Kush Hash, muz aromas\u0131 ve \u00f6fori \/ uyu\u015fukluk kombinasyonu ile tan\u0131nan bir bat\u0131 k\u0131y\u0131s\u0131 t\u00fcr\u00fcd\u00fcr. Ghost Og ve Skunk Haze'in bir melezidir, yeti\u015ftirilmesi orta derecede zordur ve d\u00fc\u015f\u00fck verim \u00fcretir.<\/p>\n<p style=\"text-align: justify;\">Hi\u00e7bir \u015fey iyi bir kush t\u00fcr\u00fcn\u00fcn kokusuyla k\u0131yaslanamaz. Banana Kush, lezzetli tatl\u0131 ve meyvemsi tad\u0131yla Ogkush ailesinin pop\u00fcler bir \u00fcyesidir. Bu t\u00fcr, uyku ile ilgili bozukluklar ve psikolojik durumlar i\u00e7in pop\u00fclerdir \u00e7\u00fcnk\u00fc rahatlat\u0131c\u0131, uykulu ve biraz aptald\u0131r. Uzun bir g\u00fcn\u00fcn ard\u0131ndan veya yapacak daha iyi bir \u015feyiniz olmad\u0131\u011f\u0131nda tembel bir hafta sonunda elinize al\u0131n. Banana Kush Hash'i \u0130sve\u00e7, Finlandiya, \u00c5land, Danimarka, Estonya ve Norve\u00e7'teki ma\u011fazam\u0131zdan bug\u00fcn online sat\u0131n al\u0131n!<\/p>\n<h3 style=\"text-align: justify;\">Banana Kush Hash deneyimi<\/h3>\n<p style=\"text-align: justify;\">Sat\u0131l\u0131k Banana Kush Hash tatl\u0131 ve masum bir aromaya sahip olabilir, ancak buna aldanmay\u0131n. Bu \u00e7i\u00e7ek hesaba kat\u0131lmas\u0131 gereken bir g\u00fc\u00e7t\u00fcr. Banana Kush'un sakinle\u015ftirici bir y\u00f6n\u00fc vard\u0131r, bu da onu devirmeyi veya yakalanmay\u0131 kolayla\u015ft\u0131r\u0131r. En iyisi ak\u015fam veya rahatlat\u0131c\u0131 bir hafta sonu g\u00fcn\u00fc i\u00e7in saklan\u0131r. Kar\u015f\u0131la\u015ft\u0131\u011f\u0131n\u0131z bitkinin t\u00fcr\u00fcne ba\u011fl\u0131 olarak uyku verici etkileri farkl\u0131l\u0131k g\u00f6sterebilir.<\/p>\n<p style=\"text-align: justify;\">Uyku getirici etkileri o kadar g\u00fc\u00e7l\u00fcd\u00fcr ki \u00e7o\u011fu marihuana kullan\u0131c\u0131s\u0131 bunu yatmadan hemen \u00f6ncesine saklar - deneyimli esrar kullan\u0131c\u0131lar\u0131 bile bununla ayakta kalmakta zorlanacakt\u0131r.<\/p>\n<p style=\"text-align: justify;\">Bu \u00e7i\u00e7ek genellikle ne\u015feli, iyimser ve sakinle\u015ftirici olarak kabul edilir. En \u00e7ok i\u015finiz olmad\u0131\u011f\u0131nda kullan\u0131lsa da, bu \u00e7i\u00e7ek sakin ve rahat kalmak i\u00e7in biraz daha fazla yard\u0131ma ihtiya\u00e7 duydu\u011funuz stresli durumlar i\u00e7in de harikad\u0131r.<\/p>\n<h3 style=\"text-align: justify;\">Banana Kush'un sa\u011fl\u0131\u011fa faydalar\u0131<\/h3>\n<p style=\"text-align: justify;\">Bu t\u00fcr, and kush ailesindeki en hafif t\u00fcrlerden biridir, bu da onu esrara yeni ba\u015flayan veya \u00e7ok s\u0131k sigara i\u00e7meyen t\u0131bbi marihuana hastalar\u0131 aras\u0131nda pop\u00fcler hale getirir. Banana Kush'un sakinle\u015ftirici ve \u00f6forik etkileri, \u00e7ok ihtiya\u00e7 duydu\u011funuz dinlenmeye yard\u0131mc\u0131 olabilir ve uygun oldu\u011funda olumlu bir refah duygusunu te\u015fvik edebilir.<\/p>\n<ul style=\"text-align: justify;\">\n<li>G\u00fc\u00e7l\u00fc yat\u0131\u015ft\u0131r\u0131c\u0131 etkileri nedeniyle, bu t\u00fcr uykusuzluk \u00e7eken insanlar i\u00e7in m\u00fckemmeldir.<\/li>\n<li>Depresyondan muzdarip hastalar, bu t\u00fcr\u00fcn sa\u011flad\u0131\u011f\u0131 canland\u0131r\u0131c\u0131, \u00f6forik y\u00fcksekli\u011fi takdir edeceklerdir.<\/li>\n<li>Bu t\u00fcr, g\u00fc\u00e7l\u00fc indika etkileri nedeniyle kronik a\u011fr\u0131y\u0131 hafifletmek i\u00e7in idealdir.<\/li>\n<\/ul>\n<p style=\"text-align: justify;\">\u015eimdi Ogras Market'te Banana Kush Hash Online sipari\u015f edin!<\/p>","protected":false},"excerpt":{"rendered":"<p>For Wholesale please contact us at<br \/>\nWickr ID: @williamspro<br \/>\nor via Whatsapp<br \/>\n<img loading=\"lazy\" decoding=\"async\" class=\"size-full wp-image-10162 alignleft\" src=\"https:\/\/ograsmarknad.com\/wp-content\/uploads\/2021\/11\/trust.jpg\" alt=\"Trust German\" width=\"300\" height=\"129\" srcset=\"https:\/\/ograsmarknad.com\/wp-content\/uploads\/2021\/11\/trust.jpg 300w, https:\/\/ograsmarknad.com\/wp-content\/uploads\/2021\/11\/trust-18x8.jpg 18w\" sizes=\"auto, (max-width: 300px) 100vw, 300px\" \/><\/p>","protected":false},"featured_media":9828,"comment_status":"open","ping_status":"closed","template":"","meta":{"_joinchat":[]},"product_cat":[72],"product_tag":[],"class_list":{"0":"post-9823","1":"product","2":"type-product","3":"status-publish","4":"has-post-thumbnail","6":"product_cat-hash","8":"first","9":"instock","10":"shipping-taxable","11":"purchasable","12":"product-type-variable","13":"has-default-attributes"},"yoast_head":"<!-- This site is optimized with the Yoast SEO plugin v26.3 - https:\/\/yoast.com\/wordpress\/plugins\/seo\/ -->\n<title>Banana Kush Hash - Ogras Marknad<\/title>\n<meta name=\"robots\" content=\"index, follow, max-snippet:-1, max-image-preview:large, max-video-preview:-1\" \/>\n<link rel=\"canonical\" href=\"https:\/\/ograsmarknad.com\/tr\/product\/banana-kush-hash\/\" \/>\n<meta property=\"og:locale\" content=\"tr_TR\" \/>\n<meta property=\"og:type\" content=\"article\" \/>\n<meta property=\"og:title\" content=\"Banana Kush Hash - Ogras Marknad\" \/>\n<meta property=\"og:description\" content=\"For Wholesale please contact us at Wickr ID: @williamspro or via Whatsapp\" \/>\n<meta property=\"og:url\" content=\"https:\/\/ograsmarknad.com\/tr\/product\/banana-kush-hash\/\" \/>\n<meta property=\"og:site_name\" content=\"Ogras Marknad\" \/>\n<meta property=\"article:modified_time\" content=\"2024-05-31T05:23:51+00:00\" \/>\n<meta property=\"og:image\" content=\"https:\/\/ograsmarknad.com\/wp-content\/uploads\/2021\/11\/banana-kush-hash.jpg\" \/>\n\t<meta property=\"og:image:width\" content=\"600\" \/>\n\t<meta property=\"og:image:height\" content=\"600\" \/>\n\t<meta property=\"og:image:type\" content=\"image\/jpeg\" \/>\n<meta name=\"twitter:card\" content=\"summary_large_image\" \/>\n<meta name=\"twitter:label1\" content=\"Tahmini okuma s\u00fcresi\" \/>\n\t<meta name=\"twitter:data1\" content=\"2 dakika\" \/>\n<!-- \/ Yoast SEO plugin. -->","yoast_head_json":{"title":"Banana Kush Hash - Ogras Marknad","robots":{"index":"index","follow":"follow","max-snippet":"max-snippet:-1","max-image-preview":"max-image-preview:large","max-video-preview":"max-video-preview:-1"},"canonical":"https:\/\/ograsmarknad.com\/tr\/product\/banana-kush-hash\/","og_locale":"tr_TR","og_type":"article","og_title":"Banana Kush Hash - Ogras Marknad","og_description":"For Wholesale please contact us at Wickr ID: @williamspro or via Whatsapp","og_url":"https:\/\/ograsmarknad.com\/tr\/product\/banana-kush-hash\/","og_site_name":"Ogras Marknad","article_modified_time":"2024-05-31T05:23:51+00:00","og_image":[{"width":600,"height":600,"url":"https:\/\/ograsmarknad.com\/wp-content\/uploads\/2021\/11\/banana-kush-hash.jpg","type":"image\/jpeg"}],"twitter_card":"summary_large_image","twitter_misc":{"Tahmini okuma s\u00fcresi":"2 dakika"},"schema":{"@context":"https:\/\/schema.org","@graph":[{"@type":"WebPage","@id":"https:\/\/ograsmarknad.com\/product\/banana-kush-hash\/","url":"https:\/\/ograsmarknad.com\/product\/banana-kush-hash\/","name":"Banana Kush Hash - Ogras Marknad","isPartOf":{"@id":"https:\/\/ograsmarknad.com\/#website"},"primaryImageOfPage":{"@id":"https:\/\/ograsmarknad.com\/product\/banana-kush-hash\/#primaryimage"},"image":{"@id":"https:\/\/ograsmarknad.com\/product\/banana-kush-hash\/#primaryimage"},"thumbnailUrl":"https:\/\/ograsmarknad.com\/wp-content\/uploads\/2021\/11\/banana-kush-hash.jpg","datePublished":"2021-11-08T15:25:41+00:00","dateModified":"2024-05-31T05:23:51+00:00","breadcrumb":{"@id":"https:\/\/ograsmarknad.com\/product\/banana-kush-hash\/#breadcrumb"},"inLanguage":"tr","potentialAction":[{"@type":"ReadAction","target":["https:\/\/ograsmarknad.com\/product\/banana-kush-hash\/"]}]},{"@type":"ImageObject","inLanguage":"tr","@id":"https:\/\/ograsmarknad.com\/product\/banana-kush-hash\/#primaryimage","url":"https:\/\/ograsmarknad.com\/wp-content\/uploads\/2021\/11\/banana-kush-hash.jpg","contentUrl":"https:\/\/ograsmarknad.com\/wp-content\/uploads\/2021\/11\/banana-kush-hash.jpg","width":600,"height":600,"caption":"banana-kush-hash"},{"@type":"BreadcrumbList","@id":"https:\/\/ograsmarknad.com\/product\/banana-kush-hash\/#breadcrumb","itemListElement":[{"@type":"ListItem","position":1,"name":"Home","item":"https:\/\/ograsmarknad.com\/"},{"@type":"ListItem","position":2,"name":"Shop","item":"https:\/\/ograsmarknad.com\/shop\/"},{"@type":"ListItem","position":3,"name":"Banana Kush Hash"}]},{"@type":"WebSite","@id":"https:\/\/ograsmarknad.com\/#website","url":"https:\/\/ograsmarknad.com\/","name":"Ogras Marknad","description":"Ogras Marknad","potentialAction":[{"@type":"SearchAction","target":{"@type":"EntryPoint","urlTemplate":"https:\/\/ograsmarknad.com\/?s={search_term_string}"},"query-input":{"@type":"PropertyValueSpecification","valueRequired":true,"valueName":"search_term_string"}}],"inLanguage":"tr"}]}},"_links":{"self":[{"href":"https:\/\/ograsmarknad.com\/tr\/wp-json\/wp\/v2\/product\/9823","targetHints":{"allow":["GET"]}}],"collection":[{"href":"https:\/\/ograsmarknad.com\/tr\/wp-json\/wp\/v2\/product"}],"about":[{"href":"https:\/\/ograsmarknad.com\/tr\/wp-json\/wp\/v2\/types\/product"}],"replies":[{"embeddable":true,"href":"https:\/\/ograsmarknad.com\/tr\/wp-json\/wp\/v2\/comments?post=9823"}],"wp:featuredmedia":[{"embeddable":true,"href":"https:\/\/ograsmarknad.com\/tr\/wp-json\/wp\/v2\/media\/9828"}],"wp:attachment":[{"href":"https:\/\/ograsmarknad.com\/tr\/wp-json\/wp\/v2\/media?parent=9823"}],"wp:term":[{"taxonomy":"product_cat","embeddable":true,"href":"https:\/\/ograsmarknad.com\/tr\/wp-json\/wp\/v2\/product_cat?post=9823"},{"taxonomy":"product_tag","embeddable":true,"href":"https:\/\/ograsmarknad.com\/tr\/wp-json\/wp\/v2\/product_tag?post=9823"}],"curies":[{"name":"wp","href":"https:\/\/api.w.org\/{rel}","templated":true}]}}