{"id":9867,"date":"2021-11-09T09:46:58","date_gmt":"2021-11-09T09:46:58","guid":{"rendered":"https:\/\/ograsmarknad.com\/?post_type=product&#038;p=9867"},"modified":"2026-03-16T10:48:49","modified_gmt":"2026-03-16T10:48:49","slug":"thc-olja-i-grossistledet","status":"publish","type":"product","link":"https:\/\/ograsmarknad.com\/tr\/product\/thc-olja-i-grossistledet\/","title":{"rendered":"\u00a0Toptan sat\u0131\u015fta THC ya\u011f\u0131"},"content":{"rendered":"<h2 style=\"text-align: justify;\">Buradan ucuz fiyatlarla THC Ya\u011f\u0131 sat\u0131n al\u0131n - Sat\u0131l\u0131k THC Ya\u011f\u0131 - Ogras Marknad!<\/h2>\n<p style=\"text-align: justify;\">Kvalitet <a href=\"https:\/\/ograsmarknad.com\/tr\/product\/thc-olja-i-grossistledet\/\">THC online till salu<\/a>Kaliteli THC online sat\u0131\u015f, THC (tetrahidrokanabinol) elde etmek i\u00e7in kenevir \u00e7i\u00e7e\u011fi i\u00e7mek hala en pop\u00fcler sindirim y\u00f6ntemi oldu\u011funda, Thc Ya\u011flar\u0131 esrar\u0131n tad\u0131n\u0131 \u00e7\u0131karmak i\u00e7in yeni bir yol sa\u011flar. THC ya\u011flar\u0131, kenevir bitkisinden de\u011ferli THC ve di\u011fer kannabinoidlerin \u00e7\u0131kar\u0131lmas\u0131yla \u00fcretilir. ayr\u0131ca bizden k2 ya\u011flar\u0131 veya k2 ka\u011f\u0131tlar\u0131 sipari\u015f edebilirsiniz <a href=\"https:\/\/en.wikipedia.org\/w\/index.php?search=thc+oil+for+sale+&amp;title=Special%3ASearch&amp;go=Go&amp;ns0=1\">av<\/a> \u00c7e\u015fitli ekstraksiyon i\u015flemlerinden sonra, kanabinoidler MCT veya kenevir ya\u011f\u0131 gibi bir ta\u015f\u0131y\u0131c\u0131 ya\u011fda s\u00fcspansiyon haline getirilir. Ogras Marknad olarak \u0130sve\u00e7, Finlandiya, \u00c5land, Danimarka, Estonya ve Norve\u00e7'te THC ya\u011f\u0131 sat\u0131\u015f\u0131 yapmaktay\u0131z. Bizimle do\u011frudan ileti\u015fime ge\u00e7ebilir ve sipari\u015finizi sorunsuz bir \u015fekilde verebilirsiniz.<\/p>\n<h3 style=\"text-align: justify;\">Thc ya\u011f\u0131 kullanman\u0131n en iyi yolu nedir \u00c7evrimi\u00e7i sat\u0131l\u0131k \u00e7evrimi\u00e7i esrar - \u00c7evrimi\u00e7i kaliteli Esrar nereden sat\u0131n alabilirim?<\/h3>\n<p style=\"text-align: justify;\">Ya\u011f\u0131n b\u00fcy\u00fck k\u0131sm\u0131 tabanca kalemlerinde veya arabalar\u0131nda kullan\u0131lmak \u00fczere tasarlanm\u0131\u015ft\u0131r. Baz\u0131 THC ya\u011flar\u0131, \u00f6zellikle RSO ya\u011f\u0131 gibi daha kal\u0131n k\u0131vaml\u0131 olanlar, \u0131s\u0131t\u0131lm\u0131\u015f bir \u00e7ivinin \u00fczerine kontroll\u00fc bir \u015fekilde damlat\u0131lmas\u0131 daha kolay oldu\u011fu i\u00e7in DAB te\u00e7hizat\u0131yla kullan\u0131m i\u00e7in uygundur. Sadece \u00f6nceden doldurulmu\u015f bir kalem veya kartu\u015f al\u0131n ve istedi\u011finiz zaman kullan\u0131n. Dabbing ile <a href=\"https:\/\/ograsmarknad.com\/tr\/product\/thc-olja-i-grossistledet\/\">en<\/a> \u00d6te yandan, dabbing y\u00f6ntemi size daha fazla kontrol sa\u011flar; \u0131s\u0131t\u0131lm\u0131\u015f \u00e7iviye tam olarak istedi\u011finiz miktarda ya\u011f damlatabilirsiniz. Ayr\u0131ca, baz\u0131 ki\u015filer dabbing y\u00f6nteminin daha \u00fcst\u00fcn sonu\u00e7lar verdi\u011fini s\u00f6yl\u00fcyor. Bug\u00fcn \u0130sve\u00e7, Finlandiya, \u00c5land, Danimarka, Estonya ve Norve\u00e7'te THC Ya\u011f\u0131 Online Sat\u0131n Al\u0131n!<\/p>\n<h3 style=\"text-align: justify;\">THC ya\u011f\u0131n\u0131 t\u00fcketmek g\u00fcvenli midir? - \u00c7evrimi\u00e7i Kenevir Ya\u011f\u0131 Sat\u0131n Al\u0131n<\/h3>\n<p style=\"text-align: justify;\">THC ya\u011f\u0131 yutulabilir, ancak \u00e7o\u011fu ki\u015fi dil alt\u0131 dozlamay\u0131 tercih eder (dil alt\u0131) \u00e7\u00fcnk\u00fc etkileri a\u015fa\u011f\u0131daki durumlarda hissedilebilir <a href=\"https:\/\/ograsmarknad.com\/tr\/\">15<\/a> 30 dakikaya kadar, ki bu s\u00fcre inhalasyondan sadece birka\u00e7 dakika daha uzundur. Di\u011fer t\u00fcm yenilebilir kenevir t\u00fcrleri gibi, ya\u011f\u0131n tam fayda sa\u011flamas\u0131 ve t\u00fcketilmesi 30 ila 60 dakika s\u00fcrebilir.<\/p>\n<p style=\"text-align: justify;\">Thc Oil'i ucuz fiyatlarla \u00e7evrimi\u00e7i sipari\u015f etmenize yard\u0131mc\u0131 olmak i\u00e7in buraday\u0131z. \u00c7evrimi\u00e7i ma\u011fazam\u0131zla ileti\u015fime ge\u00e7in ve gereksinimlerinizi g\u00f6nderin!<\/p>\n<h3>THC YA\u011eININ KULLANIMI<\/h3>\n<p>THC distilat \u015f\u0131r\u0131ngas\u0131, esrar\u0131n tad\u0131n\u0131 sonuna kadar \u00e7\u0131karabilmenizi sa\u011flamak i\u00e7in THC'nin rafine edilmi\u015f, konsantre bir versiyonudur. Buna ek olarak, THC distilatlar\u0131 e\u011flence ama\u00e7l\u0131 kullan\u0131labilir ve dakikalar i\u00e7inde aya\u011fa kalkman\u0131za yard\u0131mc\u0131 olur. Mevcut \u00e7ok say\u0131da bilgiden bunalm\u0131\u015f hissedebilirsiniz, bu nedenle Cannabud Post a\u015fa\u011f\u0131da k\u0131sa bir rehber derledi. A\u015fa\u011f\u0131daki bilgiler esrar i\u00e7mede profesyonel olman\u0131za yard\u0131mc\u0131 olmak i\u00e7in tasarlanm\u0131\u015ft\u0131r ve umar\u0131z bir sonraki sigara i\u00e7me seans\u0131n\u0131zdan \u00f6nce size baz\u0131 tavsiyeler verebiliriz.<\/p>\n<p>Ot YA\u011eINI dilinizde tutmak istiyorsan\u0131z, THC distilatlar\u0131n\u0131n etkili bir se\u00e7im oldu\u011fu kan\u0131tlanm\u0131\u015ft\u0131r, bu y\u00fczden bunlar\u0131 deneyin, nas\u0131l hissetti\u011finize bak\u0131n ve sonra devam edin. \u00c7evrimi\u00e7i Toplu THC distilatlar\u0131 sat\u0131n al\u0131n<\/p>\n<p>Bug\u00fcn bile, deneyimli olmayan bir\u00e7ok t\u00fcketici THC ve CBD aras\u0131ndaki farklardan emin de\u011fildir. Dam\u0131t\u0131lm\u0131\u015f kartu\u015flarla, y\u00fcksek THC i\u00e7eri\u011fine ve d\u00fc\u015f\u00fck CBD i\u00e7eri\u011fine sahip y\u00fcksek etkili yenilebilir \u00fcr\u00fcnler aras\u0131nda se\u00e7im yapmak \u00e7ok kolayd\u0131r. Konsantreler i\u00e7in, t\u0131bbi kullan\u0131c\u0131lar y\u00fcksek potensli, y\u00fcksek CBD ve\/veya d\u00fc\u015f\u00fck THC'li yenilebilir \u00fcr\u00fcnleri tercih etme e\u011filimindedir.<\/p>\n<h3><strong>Toptan THC ya\u011f\u0131 \u00e7evrimi\u00e7i \\ Sat\u0131l\u0131k kaliteli THC ya\u011f\u0131<\/strong><\/h3>\n<p>Merhaba, Avrupa'da g\u00fcnl\u00fck thc ya\u011f\u0131 kullanan insanlar, size iyi haberlerimiz var. Ograsmarknad size en iyi kenevir ya\u011flar\u0131n\u0131 online olarak sunuyor. T\u00fcm Avrupa'ya, \u0130sve\u00e7, Danimarka, Bel\u00e7ika ve d\u00fcnyan\u0131n geri kalan\u0131na y\u00fcksek kaliteli THC ya\u011f\u0131 da\u011f\u0131t\u0131yoruz. En iyi fiyat i\u00e7in bizimle ileti\u015fime ge\u00e7ebilir ve thc ya\u011f\u0131n\u0131z\u0131 hemen sipari\u015f edebilirsiniz.<\/p>\n<p>&nbsp;<\/p>","protected":false},"excerpt":{"rendered":"<p>For Wholesale please contact us at<br \/>\nWickr ID: @williamspro<br \/>\nor via Whatsapp<br \/>\n<img loading=\"lazy\" decoding=\"async\" class=\"size-full wp-image-10162 alignleft\" src=\"https:\/\/ograsmarknad.com\/wp-content\/uploads\/2021\/11\/trust.jpg\" alt=\"Trust German\" width=\"300\" height=\"129\" srcset=\"https:\/\/ograsmarknad.com\/wp-content\/uploads\/2021\/11\/trust.jpg 300w, https:\/\/ograsmarknad.com\/wp-content\/uploads\/2021\/11\/trust-18x8.jpg 18w\" sizes=\"auto, (max-width: 300px) 100vw, 300px\" \/><\/p>","protected":false},"featured_media":9872,"comment_status":"open","ping_status":"closed","template":"","meta":{"_joinchat":[]},"product_cat":[74],"product_tag":[],"class_list":{"0":"post-9867","1":"product","2":"type-product","3":"status-publish","4":"has-post-thumbnail","6":"product_cat-thc-olja","8":"first","9":"instock","10":"shipping-taxable","11":"purchasable","12":"product-type-variable","13":"has-default-attributes"},"yoast_head":"<!-- This site is optimized with the Yoast SEO plugin v26.3 - https:\/\/yoast.com\/wordpress\/plugins\/seo\/ -->\n<title>THC-olja grossist till salu \u2013 K\u00f6p THC-olja i Grossistledet online<\/title>\n<meta name=\"description\" content=\"K\u00f6p THC-olja i Grossistledet online fr\u00e5n Ograsmarknad. THC-olja grossist till salu som erbjuder cannabisextrakt i bulk.\" \/>\n<meta name=\"robots\" content=\"index, follow, max-snippet:-1, max-image-preview:large, max-video-preview:-1\" \/>\n<link rel=\"canonical\" href=\"https:\/\/ograsmarknad.com\/tr\/product\/thc-olja-i-grossistledet\/\" \/>\n<meta property=\"og:locale\" content=\"tr_TR\" \/>\n<meta property=\"og:type\" content=\"article\" \/>\n<meta property=\"og:title\" content=\"THC-olja grossist till salu \u2013 K\u00f6p THC-olja i Grossistledet online\" \/>\n<meta property=\"og:description\" content=\"K\u00f6p THC-olja i Grossistledet online fr\u00e5n Ograsmarknad. THC-olja grossist till salu som erbjuder cannabisextrakt i bulk.\" \/>\n<meta property=\"og:url\" content=\"https:\/\/ograsmarknad.com\/tr\/product\/thc-olja-i-grossistledet\/\" \/>\n<meta property=\"og:site_name\" content=\"Ogras Marknad\" \/>\n<meta property=\"article:modified_time\" content=\"2026-03-16T10:48:49+00:00\" \/>\n<meta property=\"og:image\" content=\"https:\/\/ograsmarknad.com\/wp-content\/uploads\/2021\/11\/thc-oil.jpg\" \/>\n\t<meta property=\"og:image:width\" content=\"600\" \/>\n\t<meta property=\"og:image:height\" content=\"600\" \/>\n\t<meta property=\"og:image:type\" content=\"image\/jpeg\" \/>\n<meta name=\"twitter:card\" content=\"summary_large_image\" \/>\n<meta name=\"twitter:label1\" content=\"Tahmini okuma s\u00fcresi\" \/>\n\t<meta name=\"twitter:data1\" content=\"3 dakika\" \/>\n<!-- \/ Yoast SEO plugin. -->","yoast_head_json":{"title":"Toptan THC ya\u011f\u0131 sat\u0131\u015f\u0131 \u2013 Online olarak toptan THC ya\u011f\u0131 sat\u0131n al\u0131n","description":"Ograsmarknad'dan toptan THC ya\u011f\u0131 sat\u0131n al\u0131n. Toptan kenevir \u00f6z\u00fct\u00fc satan THC ya\u011f\u0131 toptanc\u0131s\u0131.","robots":{"index":"index","follow":"follow","max-snippet":"max-snippet:-1","max-image-preview":"max-image-preview:large","max-video-preview":"max-video-preview:-1"},"canonical":"https:\/\/ograsmarknad.com\/tr\/product\/thc-olja-i-grossistledet\/","og_locale":"tr_TR","og_type":"article","og_title":"THC-olja grossist till salu \u2013 K\u00f6p THC-olja i Grossistledet online","og_description":"K\u00f6p THC-olja i Grossistledet online fr\u00e5n Ograsmarknad. THC-olja grossist till salu som erbjuder cannabisextrakt i bulk.","og_url":"https:\/\/ograsmarknad.com\/tr\/product\/thc-olja-i-grossistledet\/","og_site_name":"Ogras Marknad","article_modified_time":"2026-03-16T10:48:49+00:00","og_image":[{"width":600,"height":600,"url":"https:\/\/ograsmarknad.com\/wp-content\/uploads\/2021\/11\/thc-oil.jpg","type":"image\/jpeg"}],"twitter_card":"summary_large_image","twitter_misc":{"Tahmini okuma s\u00fcresi":"3 dakika"},"schema":{"@context":"https:\/\/schema.org","@graph":[{"@type":"WebPage","@id":"https:\/\/ograsmarknad.com\/product\/thc-olja-i-grossistledet\/","url":"https:\/\/ograsmarknad.com\/product\/thc-olja-i-grossistledet\/","name":"Toptan THC ya\u011f\u0131 sat\u0131\u015f\u0131 \u2013 Online olarak toptan THC ya\u011f\u0131 sat\u0131n al\u0131n","isPartOf":{"@id":"https:\/\/ograsmarknad.com\/#website"},"primaryImageOfPage":{"@id":"https:\/\/ograsmarknad.com\/product\/thc-olja-i-grossistledet\/#primaryimage"},"image":{"@id":"https:\/\/ograsmarknad.com\/product\/thc-olja-i-grossistledet\/#primaryimage"},"thumbnailUrl":"https:\/\/ograsmarknad.com\/wp-content\/uploads\/2021\/11\/thc-oil.jpg","datePublished":"2021-11-09T09:46:58+00:00","dateModified":"2026-03-16T10:48:49+00:00","description":"Ograsmarknad'dan toptan THC ya\u011f\u0131 sat\u0131n al\u0131n. Toptan kenevir \u00f6z\u00fct\u00fc satan THC ya\u011f\u0131 toptanc\u0131s\u0131.","breadcrumb":{"@id":"https:\/\/ograsmarknad.com\/product\/thc-olja-i-grossistledet\/#breadcrumb"},"inLanguage":"tr","potentialAction":[{"@type":"ReadAction","target":["https:\/\/ograsmarknad.com\/product\/thc-olja-i-grossistledet\/"]}]},{"@type":"ImageObject","inLanguage":"tr","@id":"https:\/\/ograsmarknad.com\/product\/thc-olja-i-grossistledet\/#primaryimage","url":"https:\/\/ograsmarknad.com\/wp-content\/uploads\/2021\/11\/thc-oil.jpg","contentUrl":"https:\/\/ograsmarknad.com\/wp-content\/uploads\/2021\/11\/thc-oil.jpg","width":600,"height":600,"caption":"thc-oil"},{"@type":"BreadcrumbList","@id":"https:\/\/ograsmarknad.com\/product\/thc-olja-i-grossistledet\/#breadcrumb","itemListElement":[{"@type":"ListItem","position":1,"name":"Home","item":"https:\/\/ograsmarknad.com\/"},{"@type":"ListItem","position":2,"name":"Shop","item":"https:\/\/ograsmarknad.com\/shop\/"},{"@type":"ListItem","position":3,"name":"THC-olja i grossistledet"}]},{"@type":"WebSite","@id":"https:\/\/ograsmarknad.com\/#website","url":"https:\/\/ograsmarknad.com\/","name":"Ogras Marknad","description":"Ogras Marknad","potentialAction":[{"@type":"SearchAction","target":{"@type":"EntryPoint","urlTemplate":"https:\/\/ograsmarknad.com\/?s={search_term_string}"},"query-input":{"@type":"PropertyValueSpecification","valueRequired":true,"valueName":"search_term_string"}}],"inLanguage":"tr"}]}},"_links":{"self":[{"href":"https:\/\/ograsmarknad.com\/tr\/wp-json\/wp\/v2\/product\/9867","targetHints":{"allow":["GET"]}}],"collection":[{"href":"https:\/\/ograsmarknad.com\/tr\/wp-json\/wp\/v2\/product"}],"about":[{"href":"https:\/\/ograsmarknad.com\/tr\/wp-json\/wp\/v2\/types\/product"}],"replies":[{"embeddable":true,"href":"https:\/\/ograsmarknad.com\/tr\/wp-json\/wp\/v2\/comments?post=9867"}],"wp:featuredmedia":[{"embeddable":true,"href":"https:\/\/ograsmarknad.com\/tr\/wp-json\/wp\/v2\/media\/9872"}],"wp:attachment":[{"href":"https:\/\/ograsmarknad.com\/tr\/wp-json\/wp\/v2\/media?parent=9867"}],"wp:term":[{"taxonomy":"product_cat","embeddable":true,"href":"https:\/\/ograsmarknad.com\/tr\/wp-json\/wp\/v2\/product_cat?post=9867"},{"taxonomy":"product_tag","embeddable":true,"href":"https:\/\/ograsmarknad.com\/tr\/wp-json\/wp\/v2\/product_tag?post=9867"}],"curies":[{"name":"wp","href":"https:\/\/api.w.org\/{rel}","templated":true}]}}